{"id":3,"date":"2023-10-04T20:53:39","date_gmt":"2023-10-04T20:53:39","guid":{"rendered":"https:\/\/laurgreen.de\/?page_id=3"},"modified":"2025-07-16T13:28:05","modified_gmt":"2025-07-16T11:28:05","slug":"privacy-policy","status":"publish","type":"page","link":"https:\/\/laurgreen.de\/de\/privacy-policy\/","title":{"rendered":"Datenschutzerkl\u00e4rung"},"content":{"rendered":"<div data-elementor-type=\"wp-page\" data-elementor-id=\"3\" class=\"elementor elementor-3\" data-elementor-post-type=\"page\">\n\t\t\t\t\t\t<section class=\"elementor-section elementor-top-section elementor-element elementor-element-ddfd750 elementor-section-full_width elementor-section-height-default elementor-section-height-default\" data-id=\"ddfd750\" data-element_type=\"section\" data-e-type=\"section\">\n\t\t\t\t\t\t<div class=\"elementor-container elementor-column-gap-default\">\n\t\t\t\t\t<div class=\"elementor-column elementor-col-100 elementor-top-column elementor-element elementor-element-61d62150\" data-id=\"61d62150\" data-element_type=\"column\" data-e-type=\"column\">\n\t\t\t<div class=\"elementor-widget-wrap elementor-element-populated\">\n\t\t\t\t\t\t<div class=\"elementor-element elementor-element-a9e1225 elementor-widget elementor-widget-heading\" data-id=\"a9e1225\" data-element_type=\"widget\" data-e-type=\"widget\" data-widget_type=\"heading.default\">\n\t\t\t\t<div class=\"elementor-widget-container\">\n\t\t\t\t\t<h2 class=\"elementor-heading-title elementor-size-default\">Datenschutzerkl\u00e4rung<\/h2>\t\t\t\t<\/div>\n\t\t\t\t<\/div>\n\t\t\t\t<div class=\"elementor-element elementor-element-52263d1b elementor-widget elementor-widget-text-editor\" data-id=\"52263d1b\" data-element_type=\"widget\" data-e-type=\"widget\" data-widget_type=\"text-editor.default\">\n\t\t\t\t<div class=\"elementor-widget-container\">\n\t\t\t\t\t\t\t\t\t<h3>Einf\u00fchrung<\/h3><p>Diese Datenschutzrichtlinie regelt die Art und Weise, in der LaurGreen pers\u00f6nliche Informationen sammelt, verwendet, offenlegt und speichert, die von den Nutzern der LaurGreen-Website (im Folgenden als \"Sie\" oder \"Nutzer\" bezeichnet) erhalten werden. Durch den Zugriff auf oder die Nutzung unserer Website erkl\u00e4ren Sie sich mit den Bedingungen dieser Datenschutzrichtlinie einverstanden.<\/p><p>LaurGreen ist bestrebt, die Privatsph\u00e4re der Nutzer zu sch\u00fctzen und auf m\u00f6gliche Datenschutzbedenken einzugehen. Die folgenden Informationen wurden ver\u00f6ffentlicht, um Ihnen, dem Verbraucher, zu helfen, zu verstehen, welche privaten Informationen wir sammeln und wie Ihre Informationen verwendet werden.<\/p><p>Arten von privaten Informationen, die mit Ihrer Zustimmung gesammelt werden, um Ihre Bed\u00fcrfnisse am besten zu erf\u00fcllen, sammeln wir die folgenden Arten von Informationen, wenn Sie (laurgreen.de) besuchen.<\/p><h3>Erhebung personenbezogener Daten<\/h3><p>Wir k\u00f6nnen pers\u00f6nliche Daten wie Ihren Namen, Ihre E-Mail-Adresse und Ihre Postanschrift erfassen, wenn Sie uns diese freiwillig \u00fcber unsere Website oder andere Kommunikationskan\u00e4le zur Verf\u00fcgung stellen. Diese Informationen sind notwendig, um Ihre Anfragen zu erf\u00fcllen, Bestellungen zu bearbeiten, mit Ihnen zu kommunizieren und unsere Produkte und Dienstleistungen zu verbessern.<\/p><h3>Verwendung pers\u00f6nlicher Informationen<\/h3><p>Wir verwenden die von Ihnen zur Verf\u00fcgung gestellten pers\u00f6nlichen Daten, um Ihre Anfragen zu erf\u00fcllen, Bestellungen zu bearbeiten, mit Ihnen zu kommunizieren und unsere Produkte und Dienstleistungen zu verbessern. Ihre Daten k\u00f6nnen auch f\u00fcr Marketingzwecke verwendet werden, z. B. f\u00fcr die Zusendung von Werbematerial oder Newslettern, jedoch nur, wenn Sie Ihre ausdr\u00fcckliche Zustimmung erteilt haben.<\/p><h3>Offenlegung pers\u00f6nlicher Informationen<\/h3><p>Wir k\u00f6nnen Ihre pers\u00f6nlichen Daten an Dritte weitergeben, die uns bei der Erbringung unserer Dienstleistungen unterst\u00fctzen, wie z. B. Versandunternehmen oder Zahlungsabwickler. Diese Dritten sind vertraglich verpflichtet, Ihre personenbezogenen Daten zu sch\u00fctzen und d\u00fcrfen sie nicht f\u00fcr andere Zwecke verwenden. Wir verkaufen oder vermieten Ihre pers\u00f6nlichen Daten nicht an Dritte zu Marketingzwecken.<\/p><p>Sie k\u00f6nnen sich jederzeit daf\u00fcr entscheiden, weniger Informationen anzugeben. Das Weglassen einiger dieser pers\u00f6nlichen Informationen kann jedoch dazu f\u00fchren, dass Sie nicht alle Vorteile unserer Website und Dienstleistungen nutzen k\u00f6nnen. Zum Beispiel k\u00f6nnen wir ohne Zahlungsinformationen und Rechnungsadresse keine Transaktionen abwickeln oder ohne Ihren Namen und Ihre Postanschrift keine Waren versenden.<\/p><h3>Automatisch erfasste Informationen<\/h3><p>Wir erheben automatisch Daten \u00fcber den Besuch unserer Nutzer (laurgreen.de), wie z.B. Ihre IP-Adresse, Ihren Standort, Ihren Browser, Ihre Browsersprache, Ihr Betriebssystem, Ihre Ger\u00e4tekennung und Cookies.<\/p><p>Unsere Website verwendet derzeit Cookies, um ihre Funktionalit\u00e4t zu verbessern. Sie k\u00f6nnen die Verwendung von Cookies in Ihrem Webbrowser deaktivieren, dies kann jedoch zu einer eingeschr\u00e4nkten Nutzung von (laurgreen.de) f\u00fchren.<\/p><h3>Informationen \u00fcber soziale Medien<\/h3><p>Wenn Sie Ihr LaurGreen-Konto mit einem Social-Media-Konto verkn\u00fcpft haben, sammeln wir auch Informationen, die uns die Social-Media-Netzwerke zur Verf\u00fcgung stellen. Je nach sozialem Netzwerk kann dies Ihren Benutzernamen, Ihren Namen, Ihre E-Mail-Adresse, Ihre Freundesliste und mehr umfassen. Dar\u00fcber hinaus erfassen wir demografische Daten, wenn Benutzer mit LaurGreen-Konten in sozialen Medien interagieren.<\/p><p>Politik zur Erfassung sensibler pers\u00f6nlicher Daten<br \/>LaurGreen sammelt keine sensiblen pers\u00f6nlichen Daten, wie z.B. Ihre Sozialversicherungsnummer, F\u00fchrerscheinnummer, Rasse, ethnische Zugeh\u00f6rigkeit, Religion, Gesundheitsdaten, politische Verbindungen oder Details \u00fcber Ihren kriminellen Hintergrund.<\/p><h3>Wie werden die gesammelten Informationen verwendet?<\/h3><p>Wir verwenden Ihre pers\u00f6nlichen Daten nur, damit Sie alles nutzen k\u00f6nnen, was LaurGreen zu bieten hat. Dies beinhaltet:<\/p><p>Erstellung und Pflege eines Kontos bei uns<br \/>Erledigung Ihrer Transaktionen<br \/>Versand Ihrer Eink\u00e4ufe<br \/>Erledigung von Kundendienstanfragen<br \/>Kommunikation \u00fcber unsere Verk\u00e4ufe und Werbeaktionen<br \/>Kontaktaufnahme mit Ihnen bez\u00fcglich Aktualisierungen unserer Unternehmensrichtlinien<br \/>Alle Dienstleistungen von LaurGreen auf bequeme Weise f\u00fcr Sie verf\u00fcgbar machen<br \/>Bereitstellung von Werbung, die f\u00fcr Sie relevant ist, wenn Sie (laurgreen.de) besuchen<br \/>Auswertung von Analysen, um zu sehen, wie sich unsere Kunden mit (laurgreen.de)<\/p><h3>Dauer der Speicherung von personenbezogenen Daten<\/h3><p>Wir k\u00f6nnen Ihre pers\u00f6nlichen Daten \u00fcber einen l\u00e4ngeren Zeitraum speichern, je nachdem, wie wir die Daten verwenden m\u00fcssen. Wir speichern zum Beispiel Ihre E-Mail-Adresse und Ihren Namen so lange, wie Sie ein Konto bei uns haben. Dar\u00fcber hinaus kann es sein, dass wir Ihre Rechnungsdaten f\u00fcr einen l\u00e4ngeren Zeitraum speichern m\u00fcssen, um unsere internen Transaktionsaufzeichnungen zu f\u00fchren.<\/p><h3>Spezielle Hinweise zur Verarbeitung personenbezogener Daten im Rahmen des Dropshipping-Partnerformulars<\/h3><p>Im Rahmen des Dropshipping-Partnerformulars werden personenbezogene Daten (z.B. Name, Anschrift, E-Mail-Adresse, Telefonnummer, steuerliche Angaben, Versandinformationen) ausschlie\u00dflich zum Zwecke der Bearbeitung und Abwicklung von Bestellungen, f\u00fcr die Kommunikation mit dem H\u00e4ndler sowie zur Erf\u00fcllung gesetzlicher Vorgaben erhoben und verarbeitet.<\/p><p>Eine Weitergabe der Daten an Dritte erfolgt nur, sofern dies zur Vertragserf\u00fcllung zwingend erforderlich ist (z.B. Versanddienstleister) oder wir gesetzlich dazu verpflichtet sind.<\/p><p>Die Daten werden nach den geltenden gesetzlichen Aufbewahrungsfristen gespeichert und nach Ablauf der Fristen routinem\u00e4\u00dfig gel\u00f6scht, sofern keine anderweitigen gesetzlichen Verpflichtungen zur Aufbewahrung bestehen.<\/p><p>Der H\u00e4ndler hat jederzeit das Recht auf Auskunft, Berichtigung, Einschr\u00e4nkung der Verarbeitung, L\u00f6schung sowie Widerspruch gegen die Verarbeitung seiner Daten gem\u00e4\u00df Art. 15-21 DSGVO.\nAnfragen hierzu k\u00f6nnen an die im Impressum genannte Kontaktadresse gerichtet werden.<br \/>Such requests can be directed to the contact address provided in our legal notice.<\/p><p>Die Nutzung des Formulars ist freiwillig. Ohne \u00dcbermittlung der erforderlichen Angaben kann keine Zusammenarbeit im Rahmen des Dropshipping erfolgen.<\/p><p>Ausf\u00fchrliche Informationen zur Verarbeitung und zum Schutz Ihrer Daten entnehmen Sie bitte unserer vollst\u00e4ndigen Datenschutzerkl\u00e4rung.<\/p><h3>An wen die Informationen weitergegeben werden<\/h3><p>Wir k\u00f6nnen Ihre Daten an Dritte weitergeben, aber nur an solche Partner, die LaurGreen vollst\u00e4ndig \u00fcberpr\u00fcft hat und mit denen eine Partnerschaft besteht.<\/p><p>Der einzige Grund, aus dem wir Ihre Daten an verbundene Unternehmen weitergeben, ist der folgende:<\/p><p>Verarbeitung von Transaktionen<br \/>Ausf\u00fchrung und Zustellung von Auftr\u00e4gen<br \/>Messung der Marketing- und Werbeleistung<br \/>Hervorragender Kundenservice<br \/>Erstellung von E-Mail- und SMS-Mitteilungen<\/p><h3>Informationssicherheit<\/h3><p>Wir tun unser Bestes, um Ihre privaten Informationen sicher zu halten. Die meisten Ihrer pers\u00f6nlichen Daten sind verschl\u00fcsselt und daher vor dem Zugriff durch externe Nutzer gesch\u00fctzt. Dennoch kann es zu Datenlecks und b\u00f6sartigen Angriffen kommen. Bitte haben Sie Verst\u00e4ndnis daf\u00fcr, dass wir zwar unser Bestes tun, um Ihre Daten zu sch\u00fctzen, dass die Bereitstellung Ihrer pers\u00f6nlichen Daten jedoch auf Ihr eigenes Risiko erfolgt.<\/p><h3>Cookies<\/h3><p>Unsere Website kann Cookies verwenden, um Ihr Surferlebnis zu verbessern. Cookies sind kleine Textdateien, die auf Ihrem Ger\u00e4t gespeichert werden, wenn Sie unsere Website besuchen. Sie helfen uns, den Webverkehr zu analysieren, Ihre Pr\u00e4ferenzen anzupassen und die Funktionalit\u00e4t unserer Website zu verbessern. Sie k\u00f6nnen Ihre Cookie-Pr\u00e4ferenzen \u00fcber Ihre Browser-Einstellungen verwalten.<\/p><p>Um die verwendeten Cookies und \u00e4hnlichen Technologien (Tracking-Pixel, Web Beacons usw.) und die damit verbundenen Zustimmungen zu verwalten, verwenden wir das Zustimmungstool \"Real Cookie Banner\". Details zur Funktionsweise von \"Real Cookie Banner\" finden Sie unter <a href=\"https:\/\/devowl.io\/rcb\/data-processing\" target=\"_blank\" rel=\"noopener\">https:\/\/devowl.io\/rcb\/data-processing<\/a><\/p><p>Die rechtliche Grundlage f\u00fcr die Verarbeitung personenbezogener Daten in diesem Zusammenhang sind Art. 6 Abs. 1 lit. c DSGVO und Art. 6 Abs. 1 lit. f DSGVO. Unser berechtigtes Interesse ist die Verwaltung der verwendeten Cookies und \u00e4hnlichen Technologien sowie der damit verbundenen Zustimmungen.<\/p><p>Die Bereitstellung personenbezogener Daten ist weder vertraglich erforderlich noch f\u00fcr den Abschluss eines Vertrags notwendig. Sie sind nicht verpflichtet, die personenbezogenen Daten bereitzustellen. Wenn Sie die personenbezogenen Daten nicht bereitstellen, k\u00f6nnen wir Ihre Zustimmungen nicht verwalten.<\/p><p>Um die verwendeten Cookies und \u00e4hnlichen Technologien (Tracking-Pixel, Web Beacons usw.) und die damit verbundenen Zustimmungen zu verwalten, verwenden wir das Zustimmungstool \"Real Cookie Banner\". Details zur Funktionsweise von \"Real Cookie Banner\" finden Sie unter <a href=\"https:\/\/devowl.io\/rcb\/data-processing\" target=\"_blank\" rel=\"noopener\">https:\/\/devowl.io\/rcb\/data-processing<\/a><\/p><p>Die rechtliche Grundlage f\u00fcr die Verarbeitung personenbezogener Daten in diesem Zusammenhang sind Art. 6 Abs. 1 lit. c DSGVO und Art. 6 Abs. 1 lit. f DSGVO. Unser berechtigtes Interesse ist die Verwaltung der verwendeten Cookies und \u00e4hnlichen Technologien sowie der damit verbundenen Zustimmungen.<\/p><p>Die Bereitstellung personenbezogener Daten ist weder vertraglich erforderlich noch f\u00fcr den Abschluss eines Vertrags notwendig. Sie sind nicht verpflichtet, die personenbezogenen Daten bereitzustellen. Wenn Sie die personenbezogenen Daten nicht bereitstellen, k\u00f6nnen wir Ihre Zustimmungen nicht verwalten.<\/p><h3>Links von Drittanbietern<\/h3><p>Unsere Website kann Links zu Websites Dritter enthalten. Bitte beachten Sie, dass wir nicht f\u00fcr die Datenschutzpraktiken oder Inhalte dieser Websites verantwortlich sind. Wir empfehlen Ihnen, die Datenschutzrichtlinien dieser Websites Dritter zu lesen, bevor Sie pers\u00f6nliche Daten angeben.<\/p><h3>M\u00f6glichkeit, die Angabe pers\u00f6nlicher Informationen abzulehnen<\/h3><p>Sie k\u00f6nnen es nat\u00fcrlich ablehnen, uns Ihre pers\u00f6nlichen Daten mitzuteilen. Das Vers\u00e4umnis, uns relevante Informationen zur Verf\u00fcgung zu stellen, kann jedoch dazu f\u00fchren, dass Sie nicht in vollem Umfang von LaurGreen und allen seinen Angeboten profitieren k\u00f6nnen. Denken Sie daran, dass wir nur nach pers\u00f6nlichen Informationen fragen, die uns dabei helfen, unseren Kunden unsere Dienstleistungen vollst\u00e4ndig anzubieten.<\/p><h3>Aktualisierungen der Datenschutzrichtlinie<\/h3><p>Wir behalten uns vor, diese Datenschutzrichtlinie von Zeit zu Zeit zu aktualisieren, um \u00c4nderungen unserer Praktiken oder gesetzlicher Anforderungen Rechnung zu tragen. Die aktuellste Version wird auf unserer Website ver\u00f6ffentlicht, und alle wesentlichen \u00c4nderungen werden Ihnen per E-Mail oder durch einen gut sichtbaren Hinweis auf unserer Website mitgeteilt.<\/p><h3>Ihre Rechte<\/h3><p>Gem\u00e4\u00df der Allgemeinen Datenschutzverordnung (<strong>GDPR<\/strong>) und anderen geltenden Datenschutzgesetzen haben Sie bestimmte Rechte in Bezug auf Ihre personenbezogenen Daten. Sie haben das Recht, Ihre personenbezogenen Daten einzusehen, zu korrigieren, zu aktualisieren oder zu l\u00f6schen. Sie k\u00f6nnen auch eine Kopie der personenbezogenen Daten anfordern, die wir \u00fcber Sie gespeichert haben, oder Ihre Zustimmung zu bestimmten Datenverarbeitungsaktivit\u00e4ten zur\u00fcckziehen. Bitte beachten Sie jedoch, dass wir bestimmte Daten aufbewahren k\u00f6nnen, wenn dies gesetzlich vorgeschrieben ist oder f\u00fcr legitime Gesch\u00e4ftszwecke.<\/p><h3>Zus\u00e4tzliche Fragen<\/h3><p>Wenn Sie Fragen oder Bedenken zu dieser Datenschutzrichtlinie oder unseren Datenpraktiken haben, k\u00f6nnen Sie uns gerne unter info@laurgreen.de kontaktieren. Ein Vertreter von LaurGreen wird Ihre Fragen zum Datenschutz so schnell wie m\u00f6glich beantworten.<\/p>\t\t\t\t\t\t\t\t<\/div>\n\t\t\t\t<\/div>\n\t\t\t\t<div class=\"elementor-element elementor-element-70f2ad7f elementor-widget elementor-widget-heading\" data-id=\"70f2ad7f\" data-element_type=\"widget\" data-e-type=\"widget\" data-widget_type=\"heading.default\">\n\t\t\t\t<div class=\"elementor-widget-container\">\n\t\t\t\t\t<h2 class=\"elementor-heading-title elementor-size-default\">Last updated 12\/ 03\/ 2024<\/h2>\t\t\t\t<\/div>\n\t\t\t\t<\/div>\n\t\t\t\t\t<\/div>\n\t\t<\/div>\n\t\t\t\t\t<\/div>\n\t\t<\/section>\n\t\t\t\t<\/div>","protected":false},"excerpt":{"rendered":"<p>Privacy Policy Introduction This Privacy Policy governs the manner in which LaurGreen collects, uses, discloses, and stores personal information obtained from users (referred to as &#8220;you&#8221; or &#8220;user&#8221;) of the LaurGreen website. By accessing or using our website, you consent to the terms of this Privacy Policy. LaurGreen is committed to protecting users&#8217; privacy and [&hellip;]<\/p>\n","protected":false},"author":1,"featured_media":0,"parent":0,"menu_order":0,"comment_status":"closed","ping_status":"closed","template":"template-fullwidth-no-heading.php","meta":{"footnotes":""},"class_list":["post-3","page","type-page","status-publish","hentry"],"_links":{"self":[{"href":"https:\/\/laurgreen.de\/de\/wp-json\/wp\/v2\/pages\/3","targetHints":{"allow":["GET"]}}],"collection":[{"href":"https:\/\/laurgreen.de\/de\/wp-json\/wp\/v2\/pages"}],"about":[{"href":"https:\/\/laurgreen.de\/de\/wp-json\/wp\/v2\/types\/page"}],"author":[{"embeddable":true,"href":"https:\/\/laurgreen.de\/de\/wp-json\/wp\/v2\/users\/1"}],"replies":[{"embeddable":true,"href":"https:\/\/laurgreen.de\/de\/wp-json\/wp\/v2\/comments?post=3"}],"version-history":[{"count":0,"href":"https:\/\/laurgreen.de\/de\/wp-json\/wp\/v2\/pages\/3\/revisions"}],"wp:attachment":[{"href":"https:\/\/laurgreen.de\/de\/wp-json\/wp\/v2\/media?parent=3"}],"curies":[{"name":"wp","href":"https:\/\/api.w.org\/{rel}","templated":true}]}}