{"id":31,"date":"2023-10-04T21:13:09","date_gmt":"2023-10-04T21:13:09","guid":{"rendered":"https:\/\/laurgreen.de\/?page_id=31"},"modified":"2023-10-07T19:44:40","modified_gmt":"2023-10-07T19:44:40","slug":"payment-methods","status":"publish","type":"page","link":"https:\/\/laurgreen.de\/de\/payment-methods\/","title":{"rendered":"Zahlungsarten"},"content":{"rendered":"<div data-elementor-type=\"wp-page\" data-elementor-id=\"31\" class=\"elementor elementor-31\" data-elementor-post-type=\"page\">\n\t\t\t\t\t\t<section class=\"elementor-section elementor-top-section elementor-element elementor-element-2ca211ff elementor-section-boxed elementor-section-height-default elementor-section-height-default\" data-id=\"2ca211ff\" data-element_type=\"section\" data-e-type=\"section\">\n\t\t\t\t\t\t<div class=\"elementor-container elementor-column-gap-default\">\n\t\t\t\t\t<div class=\"elementor-column elementor-col-100 elementor-top-column elementor-element elementor-element-76fce62e\" data-id=\"76fce62e\" data-element_type=\"column\" data-e-type=\"column\">\n\t\t\t<div class=\"elementor-widget-wrap elementor-element-populated\">\n\t\t\t\t\t\t<div class=\"elementor-element elementor-element-7c8f3a32 elementor-widget elementor-widget-heading\" data-id=\"7c8f3a32\" data-element_type=\"widget\" data-e-type=\"widget\" data-widget_type=\"heading.default\">\n\t\t\t\t<div class=\"elementor-widget-container\">\n\t\t\t\t\t<h2 class=\"elementor-heading-title elementor-size-default\">ZAHLUNGSVERFAHREN\n<\/h2>\t\t\t\t<\/div>\n\t\t\t\t<\/div>\n\t\t\t\t<div class=\"elementor-element elementor-element-937cbb1 elementor-widget elementor-widget-text-editor\" data-id=\"937cbb1\" data-element_type=\"widget\" data-e-type=\"widget\" data-widget_type=\"text-editor.default\">\n\t\t\t\t<div class=\"elementor-widget-container\">\n\t\t\t\t\t\t\t\t\t<p class=\"subtitle mb-26-xs-md mb-30-md mb-40-xxl mx-auto mx-lg-0\">Sie k\u00f6nnen in unserem Shop eine Vielzahl von Zahlungsmethoden nutzen.<\/p>\t\t\t\t\t\t\t\t<\/div>\n\t\t\t\t<\/div>\n\t\t\t\t\t<\/div>\n\t\t<\/div>\n\t\t\t\t\t<\/div>\n\t\t<\/section>\n\t\t\t\t<section class=\"elementor-section elementor-top-section elementor-element elementor-element-58838890 elementor-section-boxed elementor-section-height-default elementor-section-height-default\" data-id=\"58838890\" data-element_type=\"section\" data-e-type=\"section\">\n\t\t\t\t\t\t<div class=\"elementor-container elementor-column-gap-default\">\n\t\t\t\t\t<div class=\"elementor-column elementor-col-50 elementor-top-column elementor-element elementor-element-18af16b3\" data-id=\"18af16b3\" data-element_type=\"column\" data-e-type=\"column\">\n\t\t\t<div class=\"elementor-widget-wrap elementor-element-populated\">\n\t\t\t\t\t\t<div class=\"elementor-element elementor-element-4034a40e elementor-position-top elementor-widget elementor-widget-image-box\" data-id=\"4034a40e\" data-element_type=\"widget\" data-e-type=\"widget\" data-widget_type=\"image-box.default\">\n\t\t\t\t<div class=\"elementor-widget-container\">\n\t\t\t\t\t<div class=\"elementor-image-box-wrapper\"><figure class=\"elementor-image-box-img\"><img fetchpriority=\"high\" decoding=\"async\" width=\"512\" height=\"199\" src=\"https:\/\/laurgreen.de\/wp-content\/uploads\/2023\/10\/Credit-and-Debit-Cards-2048x796_2_50_1_50.webp\" class=\"attachment-full size-full wp-image-201\" alt=\"\" srcset=\"https:\/\/laurgreen.de\/wp-content\/uploads\/2023\/10\/Credit-and-Debit-Cards-2048x796_2_50_1_50.webp 512w, https:\/\/laurgreen.de\/wp-content\/uploads\/2023\/10\/Credit-and-Debit-Cards-2048x796_2_50_1_50-441x171.webp 441w, https:\/\/laurgreen.de\/wp-content\/uploads\/2023\/10\/Credit-and-Debit-Cards-2048x796_2_50_1_50-150x58.webp 150w\" sizes=\"(max-width: 512px) 100vw, 512px\" \/><\/figure><div class=\"elementor-image-box-content\"><h3 class=\"elementor-image-box-title\">Kredit- und Debitkarten<\/h3><\/div><\/div>\t\t\t\t<\/div>\n\t\t\t\t<\/div>\n\t\t\t\t\t<\/div>\n\t\t<\/div>\n\t\t\t\t<div class=\"elementor-column elementor-col-50 elementor-top-column elementor-element elementor-element-460fedc1\" data-id=\"460fedc1\" data-element_type=\"column\" data-e-type=\"column\">\n\t\t\t<div class=\"elementor-widget-wrap elementor-element-populated\">\n\t\t\t\t\t\t<div class=\"elementor-element elementor-element-47cf83e7 elementor-position-top elementor-widget elementor-widget-image-box\" data-id=\"47cf83e7\" data-element_type=\"widget\" data-e-type=\"widget\" data-widget_type=\"image-box.default\">\n\t\t\t\t<div class=\"elementor-widget-container\">\n\t\t\t\t\t<div class=\"elementor-image-box-wrapper\"><figure class=\"elementor-image-box-img\"><img decoding=\"async\" width=\"1024\" height=\"386\" src=\"https:\/\/laurgreen.de\/wp-content\/uploads\/2023\/10\/Payment-Options-2048x772_50_6_50.webp\" class=\"attachment-full size-full wp-image-202\" alt=\"\" srcset=\"https:\/\/laurgreen.de\/wp-content\/uploads\/2023\/10\/Payment-Options-2048x772_50_6_50.webp 1024w, https:\/\/laurgreen.de\/wp-content\/uploads\/2023\/10\/Payment-Options-2048x772_50_6_50-768x290.webp 768w, https:\/\/laurgreen.de\/wp-content\/uploads\/2023\/10\/Payment-Options-2048x772_50_6_50-990x373.webp 990w, https:\/\/laurgreen.de\/wp-content\/uploads\/2023\/10\/Payment-Options-2048x772_50_6_50-441x166.webp 441w, https:\/\/laurgreen.de\/wp-content\/uploads\/2023\/10\/Payment-Options-2048x772_50_6_50-600x226.webp 600w, https:\/\/laurgreen.de\/wp-content\/uploads\/2023\/10\/Payment-Options-2048x772_50_6_50-150x57.webp 150w\" sizes=\"(max-width: 1024px) 100vw, 1024px\" \/><\/figure><div class=\"elementor-image-box-content\"><h3 class=\"elementor-image-box-title\">E-Wallets<\/h3><\/div><\/div>\t\t\t\t<\/div>\n\t\t\t\t<\/div>\n\t\t\t\t\t<\/div>\n\t\t<\/div>\n\t\t\t\t\t<\/div>\n\t\t<\/section>\n\t\t\t\t<section class=\"elementor-section elementor-top-section elementor-element elementor-element-42256dc9 elementor-section-boxed elementor-section-height-default elementor-section-height-default\" data-id=\"42256dc9\" data-element_type=\"section\" data-e-type=\"section\">\n\t\t\t\t\t\t<div class=\"elementor-container elementor-column-gap-default\">\n\t\t\t\t\t<div class=\"elementor-column elementor-col-100 elementor-top-column elementor-element elementor-element-3a67b298\" data-id=\"3a67b298\" data-element_type=\"column\" data-e-type=\"column\">\n\t\t\t<div class=\"elementor-widget-wrap elementor-element-populated\">\n\t\t\t\t\t\t<div class=\"elementor-element elementor-element-18d0280f elementor-widget elementor-widget-spacer\" data-id=\"18d0280f\" data-element_type=\"widget\" data-e-type=\"widget\" data-widget_type=\"spacer.default\">\n\t\t\t\t<div class=\"elementor-widget-container\">\n\t\t\t\t\t\t\t<div class=\"elementor-spacer\">\n\t\t\t<div class=\"elementor-spacer-inner\"><\/div>\n\t\t<\/div>\n\t\t\t\t\t\t<\/div>\n\t\t\t\t<\/div>\n\t\t\t\t<div class=\"elementor-element elementor-element-2605370 elementor-widget elementor-widget-heading\" data-id=\"2605370\" data-element_type=\"widget\" data-e-type=\"widget\" data-widget_type=\"heading.default\">\n\t\t\t\t<div class=\"elementor-widget-container\">\n\t\t\t\t\t<h2 class=\"elementor-heading-title elementor-size-default\">Die Zahlungsmethoden umfassen PayPal und Kreditkarten.<\/h2>\t\t\t\t<\/div>\n\t\t\t\t<\/div>\n\t\t\t\t<div class=\"elementor-element elementor-element-1ce07ea elementor-widget elementor-widget-text-editor\" data-id=\"1ce07ea\" data-element_type=\"widget\" data-e-type=\"widget\" data-widget_type=\"text-editor.default\">\n\t\t\t\t<div class=\"elementor-widget-container\">\n\t\t\t\t\t\t\t\t\t<div class=\"col-12 col-md-10 col-lg-5 mb-40 mb-60-sm mb-0-lg\"><span style=\"font-size: 16px;\">PayPal ist eine sicherere und einfachere Methode, um online Geld zu senden und zu empfangen. Wenn Sie PayPal als Zahlungsmethode ausw\u00e4hlen, werden Sie zur PayPal-Website weitergeleitet, wo Sie die Zahlung vornehmen k\u00f6nnen.<\/span><\/div><p>PayPal kann verwendet werden, um Artikel per Kreditkarte (Visa, MasterCard, Discover und American Express), Debitkarte oder E-Check (d.h. unter Verwendung Ihres regul\u00e4ren Bankkontos) zu kaufen.<\/p><p>Nachdem Sie Ihre Artikel auf der Seite Ihres Einkaufswagens angesehen haben, k\u00f6nnen Sie mit PayPal auschecken. Dann verlassen Sie unsere Website und gelangen zur PayPal-Website.<br \/>Sie k\u00f6nnen sich in Ihr PayPal-Konto einloggen oder ein neues Konto erstellen, wenn Sie noch keins haben.<br \/>Sie k\u00f6nnen PayPal gem\u00e4\u00df den Anweisungen auf dem Bildschirm verwenden.<br \/>Normalerweise dauert es 3-5 Werktage, bis ein PayPal-E-Check von PayPal best\u00e4tigt wird.<\/p><p>Die Gr\u00fcnde, warum wir Ihnen empfehlen, PayPal zu verwenden:<\/p><ul><li>Die Zahlung ist nachverfolgbar. Mit Ihrem PayPal-Konto k\u00f6nnen Sie den Status Ihrer Zahlung verfolgen.<\/li><li>Wenn Sie f\u00fcr Ihre Bestellung bezahlen, m\u00fcssen Sie Ihre Kreditkarte nicht online verwenden (Sie k\u00f6nnen direkt von Ihrem Bankkonto \u00fcberweisen).<\/li><li>Wenn Sie Ihre Kreditkarte \u00fcber PayPal verwenden, sieht niemand Ihre Kreditkartennummer, was das Risiko unbefugter Nutzung minimiert.<\/li><\/ul>\t\t\t\t\t\t\t\t<\/div>\n\t\t\t\t<\/div>\n\t\t\t\t\t<\/div>\n\t\t<\/div>\n\t\t\t\t\t<\/div>\n\t\t<\/section>\n\t\t\t\t<\/div>","protected":false},"excerpt":{"rendered":"<p>PAYMENT METHODS You can shop on our store using a wide range of payment methods. Credit and Debit Cards E-Wallets Payment methods include PayPal and Credit cards. PayPal is a safer, easier way to send and receive money online. When you select PayPal as the payment method, you will be linked to the PayPal site [&hellip;]<\/p>\n","protected":false},"author":1,"featured_media":0,"parent":0,"menu_order":0,"comment_status":"closed","ping_status":"closed","template":"","meta":{"footnotes":""},"class_list":["post-31","page","type-page","status-publish","hentry"],"_links":{"self":[{"href":"https:\/\/laurgreen.de\/de\/wp-json\/wp\/v2\/pages\/31","targetHints":{"allow":["GET"]}}],"collection":[{"href":"https:\/\/laurgreen.de\/de\/wp-json\/wp\/v2\/pages"}],"about":[{"href":"https:\/\/laurgreen.de\/de\/wp-json\/wp\/v2\/types\/page"}],"author":[{"embeddable":true,"href":"https:\/\/laurgreen.de\/de\/wp-json\/wp\/v2\/users\/1"}],"replies":[{"embeddable":true,"href":"https:\/\/laurgreen.de\/de\/wp-json\/wp\/v2\/comments?post=31"}],"version-history":[{"count":0,"href":"https:\/\/laurgreen.de\/de\/wp-json\/wp\/v2\/pages\/31\/revisions"}],"wp:attachment":[{"href":"https:\/\/laurgreen.de\/de\/wp-json\/wp\/v2\/media?parent=31"}],"curies":[{"name":"wp","href":"https:\/\/api.w.org\/{rel}","templated":true}]}}