{"id":33,"date":"2023-10-04T21:13:45","date_gmt":"2023-10-04T21:13:45","guid":{"rendered":"https:\/\/laurgreen.de\/?page_id=33"},"modified":"2025-10-29T14:31:37","modified_gmt":"2025-10-29T13:31:37","slug":"shipping-delivery","status":"publish","type":"page","link":"https:\/\/laurgreen.de\/de\/shipping-delivery\/","title":{"rendered":"Versand &amp; Lieferung"},"content":{"rendered":"<div data-elementor-type=\"wp-page\" data-elementor-id=\"33\" class=\"elementor elementor-33\" data-elementor-post-type=\"page\">\n\t\t\t\t\t\t<section class=\"elementor-section elementor-top-section elementor-element elementor-element-7382bf3c elementor-section-boxed elementor-section-height-default elementor-section-height-default\" data-id=\"7382bf3c\" data-element_type=\"section\" data-e-type=\"section\">\n\t\t\t\t\t\t<div class=\"elementor-container elementor-column-gap-default\">\n\t\t\t\t\t<div class=\"elementor-column elementor-col-100 elementor-top-column elementor-element elementor-element-54056e08\" data-id=\"54056e08\" data-element_type=\"column\" data-e-type=\"column\">\n\t\t\t<div class=\"elementor-widget-wrap elementor-element-populated\">\n\t\t\t\t\t\t<div class=\"elementor-element elementor-element-26fdd4d9 elementor-widget elementor-widget-spacer\" data-id=\"26fdd4d9\" data-element_type=\"widget\" data-e-type=\"widget\" data-widget_type=\"spacer.default\">\n\t\t\t\t<div class=\"elementor-widget-container\">\n\t\t\t\t\t\t\t<div class=\"elementor-spacer\">\n\t\t\t<div class=\"elementor-spacer-inner\"><\/div>\n\t\t<\/div>\n\t\t\t\t\t\t<\/div>\n\t\t\t\t<\/div>\n\t\t\t\t<div class=\"elementor-element elementor-element-133d6722 elementor-widget elementor-widget-heading\" data-id=\"133d6722\" data-element_type=\"widget\" data-e-type=\"widget\" data-widget_type=\"heading.default\">\n\t\t\t\t<div class=\"elementor-widget-container\">\n\t\t\t\t\t<h2 class=\"elementor-heading-title elementor-size-default\">SHIPPING, TRACKING &amp; DELIVERY <\/h2>\t\t\t\t<\/div>\n\t\t\t\t<\/div>\n\t\t\t\t\t<\/div>\n\t\t<\/div>\n\t\t\t\t\t<\/div>\n\t\t<\/section>\n\t\t\t\t<section class=\"elementor-section elementor-top-section elementor-element elementor-element-397b1ff2 elementor-section-boxed elementor-section-height-default elementor-section-height-default\" data-id=\"397b1ff2\" data-element_type=\"section\" data-e-type=\"section\">\n\t\t\t\t\t\t<div class=\"elementor-container elementor-column-gap-default\">\n\t\t\t\t\t<div class=\"elementor-column elementor-col-33 elementor-top-column elementor-element elementor-element-24860ddd\" data-id=\"24860ddd\" data-element_type=\"column\" data-e-type=\"column\">\n\t\t\t<div class=\"elementor-widget-wrap elementor-element-populated\">\n\t\t\t\t\t\t<div class=\"elementor-element elementor-element-3d4f103f elementor-widget elementor-widget-image\" data-id=\"3d4f103f\" data-element_type=\"widget\" data-e-type=\"widget\" data-widget_type=\"image.default\">\n\t\t\t\t<div class=\"elementor-widget-container\">\n\t\t\t\t\t\t\t\t\t\t\t\t\t\t\t<img fetchpriority=\"high\" decoding=\"async\" width=\"1109\" height=\"760\" src=\"https:\/\/laurgreen.de\/wp-content\/uploads\/2023\/10\/delivery-car-Jamiela-Fashion.png\" class=\"attachment-full size-full wp-image-246\" alt=\"\" srcset=\"https:\/\/laurgreen.de\/wp-content\/uploads\/2023\/10\/delivery-car-Jamiela-Fashion.png 1109w, https:\/\/laurgreen.de\/wp-content\/uploads\/2023\/10\/delivery-car-Jamiela-Fashion-768x526.png 768w, https:\/\/laurgreen.de\/wp-content\/uploads\/2023\/10\/delivery-car-Jamiela-Fashion-990x678.png 990w, https:\/\/laurgreen.de\/wp-content\/uploads\/2023\/10\/delivery-car-Jamiela-Fashion-441x302.png 441w, https:\/\/laurgreen.de\/wp-content\/uploads\/2023\/10\/delivery-car-Jamiela-Fashion-600x411.png 600w, https:\/\/laurgreen.de\/wp-content\/uploads\/2023\/10\/delivery-car-Jamiela-Fashion-150x103.png 150w\" sizes=\"(max-width: 1109px) 100vw, 1109px\" \/>\t\t\t\t\t\t\t\t\t\t\t\t\t\t\t<\/div>\n\t\t\t\t<\/div>\n\t\t\t\t\t<\/div>\n\t\t<\/div>\n\t\t\t\t<div class=\"elementor-column elementor-col-33 elementor-top-column elementor-element elementor-element-e0d4fe8\" data-id=\"e0d4fe8\" data-element_type=\"column\" data-e-type=\"column\">\n\t\t\t<div class=\"elementor-widget-wrap\">\n\t\t\t\t\t\t\t<\/div>\n\t\t<\/div>\n\t\t\t\t<div class=\"elementor-column elementor-col-33 elementor-top-column elementor-element elementor-element-25f2e6aa\" data-id=\"25f2e6aa\" data-element_type=\"column\" data-e-type=\"column\">\n\t\t\t<div class=\"elementor-widget-wrap elementor-element-populated\">\n\t\t\t\t\t\t<div class=\"elementor-element elementor-element-1cbc3761 elementor-widget elementor-widget-heading\" data-id=\"1cbc3761\" data-element_type=\"widget\" data-e-type=\"widget\" data-widget_type=\"heading.default\">\n\t\t\t\t<div class=\"elementor-widget-container\">\n\t\t\t\t\t<h2 class=\"elementor-heading-title elementor-size-default\">Informationen zum Versand<\/h2>\t\t\t\t<\/div>\n\t\t\t\t<\/div>\n\t\t\t\t<div class=\"elementor-element elementor-element-bd43a1d elementor-widget elementor-widget-text-editor\" data-id=\"bd43a1d\" data-element_type=\"widget\" data-e-type=\"widget\" data-widget_type=\"text-editor.default\">\n\t\t\t\t<div class=\"elementor-widget-container\">\n\t\t\t\t\t\t\t\t\t<p>In Deutschland sind unsere Versandkosten transparent und enthalten die gesetzliche Mehrwertsteuer. Die genaue H\u00f6he der Versandkosten wird Ihnen im Warenkorb oder im Kassenbereich angezeigt, wenn Sie Ihre Bestellung aufgeben. Bitte beachten Sie, dass wir derzeit keine Lieferungen au\u00dferhalb Deutschlands anbieten.<\/p><p>Bei Bestellungen, die werktags, au\u00dfer an Feiertagen, vor 15.00 Uhr eingehen, bem\u00fchen wir uns, sie noch am selben Tag zu versenden. Unsere Versandpartner, DHL oder Hermes, \u00fcbernehmen die Logistik f\u00fcr Ihre Bestellungen.<\/p>\t\t\t\t\t\t\t\t<\/div>\n\t\t\t\t<\/div>\n\t\t\t\t<section class=\"elementor-section elementor-inner-section elementor-element elementor-element-5c35447b elementor-section-boxed elementor-section-height-default elementor-section-height-default\" data-id=\"5c35447b\" data-element_type=\"section\" data-e-type=\"section\">\n\t\t\t\t\t\t<div class=\"elementor-container elementor-column-gap-default\">\n\t\t\t\t\t<div class=\"elementor-column elementor-col-50 elementor-inner-column elementor-element elementor-element-77e27379\" data-id=\"77e27379\" data-element_type=\"column\" data-e-type=\"column\" data-settings=\"{&quot;background_background&quot;:&quot;classic&quot;}\">\n\t\t\t<div class=\"elementor-widget-wrap elementor-element-populated\">\n\t\t\t\t\t\t<div class=\"elementor-element elementor-element-4a750d2c elementor-widget elementor-widget-heading\" data-id=\"4a750d2c\" data-element_type=\"widget\" data-e-type=\"widget\" data-widget_type=\"heading.default\">\n\t\t\t\t<div class=\"elementor-widget-container\">\n\t\t\t\t\t<h2 class=\"elementor-heading-title elementor-size-default\">Standard-Versandkosten<\/h2>\t\t\t\t<\/div>\n\t\t\t\t<\/div>\n\t\t\t\t\t<\/div>\n\t\t<\/div>\n\t\t\t\t<div class=\"elementor-column elementor-col-50 elementor-inner-column elementor-element elementor-element-7786115a\" data-id=\"7786115a\" data-element_type=\"column\" data-e-type=\"column\" data-settings=\"{&quot;background_background&quot;:&quot;classic&quot;}\">\n\t\t\t<div class=\"elementor-widget-wrap elementor-element-populated\">\n\t\t\t\t\t\t<div class=\"elementor-element elementor-element-5c12d4b4 elementor-widget elementor-widget-heading\" data-id=\"5c12d4b4\" data-element_type=\"widget\" data-e-type=\"widget\" data-widget_type=\"heading.default\">\n\t\t\t\t<div class=\"elementor-widget-container\">\n\t\t\t\t\t<h2 class=\"elementor-heading-title elementor-size-default\">4.99\u20ac<\/h2>\t\t\t\t<\/div>\n\t\t\t\t<\/div>\n\t\t\t\t\t<\/div>\n\t\t<\/div>\n\t\t\t\t\t<\/div>\n\t\t<\/section>\n\t\t\t\t<div class=\"elementor-element elementor-element-327c6efe elementor-widget elementor-widget-spacer\" data-id=\"327c6efe\" data-element_type=\"widget\" data-e-type=\"widget\" data-widget_type=\"spacer.default\">\n\t\t\t\t<div class=\"elementor-widget-container\">\n\t\t\t\t\t\t\t<div class=\"elementor-spacer\">\n\t\t\t<div class=\"elementor-spacer-inner\"><\/div>\n\t\t<\/div>\n\t\t\t\t\t\t<\/div>\n\t\t\t\t<\/div>\n\t\t\t\t<section class=\"elementor-section elementor-inner-section elementor-element elementor-element-5f0f55f8 elementor-section-boxed elementor-section-height-default elementor-section-height-default\" data-id=\"5f0f55f8\" data-element_type=\"section\" data-e-type=\"section\">\n\t\t\t\t\t\t<div class=\"elementor-container elementor-column-gap-default\">\n\t\t\t\t\t<div class=\"elementor-column elementor-col-50 elementor-inner-column elementor-element elementor-element-324c6af1\" data-id=\"324c6af1\" data-element_type=\"column\" data-e-type=\"column\" data-settings=\"{&quot;background_background&quot;:&quot;classic&quot;}\">\n\t\t\t<div class=\"elementor-widget-wrap elementor-element-populated\">\n\t\t\t\t\t\t<div class=\"elementor-element elementor-element-3bd77b81 elementor-widget elementor-widget-heading\" data-id=\"3bd77b81\" data-element_type=\"widget\" data-e-type=\"widget\" data-widget_type=\"heading.default\">\n\t\t\t\t<div class=\"elementor-widget-container\">\n\t\t\t\t\t<h2 class=\"elementor-heading-title elementor-size-default\">Versandkostenfrei<\/h2>\t\t\t\t<\/div>\n\t\t\t\t<\/div>\n\t\t\t\t\t<\/div>\n\t\t<\/div>\n\t\t\t\t<div class=\"elementor-column elementor-col-50 elementor-inner-column elementor-element elementor-element-34125770\" data-id=\"34125770\" data-element_type=\"column\" data-e-type=\"column\" data-settings=\"{&quot;background_background&quot;:&quot;classic&quot;}\">\n\t\t\t<div class=\"elementor-widget-wrap elementor-element-populated\">\n\t\t\t\t\t\t<div class=\"elementor-element elementor-element-1100fe2e elementor-widget__width-initial elementor-widget elementor-widget-heading\" data-id=\"1100fe2e\" data-element_type=\"widget\" data-e-type=\"widget\" data-widget_type=\"heading.default\">\n\t\t\t\t<div class=\"elementor-widget-container\">\n\t\t\t\t\t<h2 class=\"elementor-heading-title elementor-size-default\">from 29,-\u20ac cart value<\/h2>\t\t\t\t<\/div>\n\t\t\t\t<\/div>\n\t\t\t\t\t<\/div>\n\t\t<\/div>\n\t\t\t\t\t<\/div>\n\t\t<\/section>\n\t\t\t\t<div class=\"elementor-element elementor-element-5e4a49cb elementor-widget elementor-widget-spacer\" data-id=\"5e4a49cb\" data-element_type=\"widget\" data-e-type=\"widget\" data-widget_type=\"spacer.default\">\n\t\t\t\t<div class=\"elementor-widget-container\">\n\t\t\t\t\t\t\t<div class=\"elementor-spacer\">\n\t\t\t<div class=\"elementor-spacer-inner\"><\/div>\n\t\t<\/div>\n\t\t\t\t\t\t<\/div>\n\t\t\t\t<\/div>\n\t\t\t\t<div class=\"elementor-element elementor-element-1f4d138e elementor-widget elementor-widget-text-editor\" data-id=\"1f4d138e\" data-element_type=\"widget\" data-e-type=\"widget\" data-widget_type=\"text-editor.default\">\n\t\t\t\t<div class=\"elementor-widget-container\">\n\t\t\t\t\t\t\t\t\t<p>Die Standardversandkosten f\u00fcr Bestellungen innerhalb Deutschlands betragen 4,99\u20ac. Ab einem Bestellwert von 39\u20ac bieten wir jedoch einen kostenlosen Versand an. Das hei\u00dft, wenn Ihre Bestellung diesen Betrag erreicht oder \u00fcberschreitet, werden Ihnen keine Versandkosten berechnet.<\/p>\n<p>Unser Ziel ist es, Ihnen einen reibungslosen und kosteneffizienten Versand zu bieten und sicherzustellen, dass Ihre Bestellungen Sie rechtzeitig erreichen.<\/p>\t\t\t\t\t\t\t\t<\/div>\n\t\t\t\t<\/div>\n\t\t\t\t\t<\/div>\n\t\t<\/div>\n\t\t\t\t\t<\/div>\n\t\t<\/section>\n\t\t\t\t<section class=\"elementor-section elementor-top-section elementor-element elementor-element-4c9f1011 elementor-section-boxed elementor-section-height-default elementor-section-height-default\" data-id=\"4c9f1011\" data-element_type=\"section\" data-e-type=\"section\">\n\t\t\t\t\t\t<div class=\"elementor-container elementor-column-gap-default\">\n\t\t\t\t\t<div class=\"elementor-column elementor-col-33 elementor-top-column elementor-element elementor-element-6d3fdf87\" data-id=\"6d3fdf87\" data-element_type=\"column\" data-e-type=\"column\">\n\t\t\t<div class=\"elementor-widget-wrap elementor-element-populated\">\n\t\t\t\t\t\t<div class=\"elementor-element elementor-element-2b4f1389 elementor-widget elementor-widget-image\" data-id=\"2b4f1389\" data-element_type=\"widget\" data-e-type=\"widget\" data-widget_type=\"image.default\">\n\t\t\t\t<div class=\"elementor-widget-container\">\n\t\t\t\t\t\t\t\t\t\t\t\t\t\t\t<img decoding=\"async\" width=\"948\" height=\"941\" src=\"https:\/\/laurgreen.de\/wp-content\/uploads\/2023\/10\/calendar-Jamiela-Fashion.png\" class=\"attachment-full size-full wp-image-244\" alt=\"\" srcset=\"https:\/\/laurgreen.de\/wp-content\/uploads\/2023\/10\/calendar-Jamiela-Fashion.png 948w, https:\/\/laurgreen.de\/wp-content\/uploads\/2023\/10\/calendar-Jamiela-Fashion-768x762.png 768w, https:\/\/laurgreen.de\/wp-content\/uploads\/2023\/10\/calendar-Jamiela-Fashion-441x438.png 441w, https:\/\/laurgreen.de\/wp-content\/uploads\/2023\/10\/calendar-Jamiela-Fashion-100x100.png 100w, https:\/\/laurgreen.de\/wp-content\/uploads\/2023\/10\/calendar-Jamiela-Fashion-600x596.png 600w, https:\/\/laurgreen.de\/wp-content\/uploads\/2023\/10\/calendar-Jamiela-Fashion-150x149.png 150w\" sizes=\"(max-width: 948px) 100vw, 948px\" \/>\t\t\t\t\t\t\t\t\t\t\t\t\t\t\t<\/div>\n\t\t\t\t<\/div>\n\t\t\t\t\t<\/div>\n\t\t<\/div>\n\t\t\t\t<div class=\"elementor-column elementor-col-33 elementor-top-column elementor-element elementor-element-2015d72\" data-id=\"2015d72\" data-element_type=\"column\" data-e-type=\"column\">\n\t\t\t<div class=\"elementor-widget-wrap\">\n\t\t\t\t\t\t\t<\/div>\n\t\t<\/div>\n\t\t\t\t<div class=\"elementor-column elementor-col-33 elementor-top-column elementor-element elementor-element-19cc0e7d\" data-id=\"19cc0e7d\" data-element_type=\"column\" data-e-type=\"column\">\n\t\t\t<div class=\"elementor-widget-wrap elementor-element-populated\">\n\t\t\t\t\t\t<div class=\"elementor-element elementor-element-285df895 elementor-widget elementor-widget-heading\" data-id=\"285df895\" data-element_type=\"widget\" data-e-type=\"widget\" data-widget_type=\"heading.default\">\n\t\t\t\t<div class=\"elementor-widget-container\">\n\t\t\t\t\t<h2 class=\"elementor-heading-title elementor-size-default\">Informationen zur Versanddauer<\/h2>\t\t\t\t<\/div>\n\t\t\t\t<\/div>\n\t\t\t\t<div class=\"elementor-element elementor-element-4cdc72a4 elementor-widget elementor-widget-text-editor\" data-id=\"4cdc72a4\" data-element_type=\"widget\" data-e-type=\"widget\" data-widget_type=\"text-editor.default\">\n\t\t\t\t<div class=\"elementor-widget-container\">\n\t\t\t\t\t\t\t\t\t<p>Wir wissen, dass eine p\u00fcnktliche Lieferung f\u00fcr unsere Kunden wichtig ist. Unsere gesch\u00e4tzten Lieferzeiten sind wie folgt:<\/p>\t\t\t\t\t\t\t\t<\/div>\n\t\t\t\t<\/div>\n\t\t\t\t<div class=\"elementor-element elementor-element-4f5384e6 elementor-widget elementor-widget-text-editor\" data-id=\"4f5384e6\" data-element_type=\"widget\" data-e-type=\"widget\" data-widget_type=\"text-editor.default\">\n\t\t\t\t<div class=\"elementor-widget-container\">\n\t\t\t\t\t\t\t\t\t<p>- Innerhalb Deutschlands: Sobald Ihre Bestellung versandt wurde, k\u00f6nnen Sie in der Regel damit rechnen, dass Sie sie innerhalb von 1-3 Werktagen erhalten. Bitte beachten Sie, dass es sich hierbei um eine Sch\u00e4tzung handelt und die tats\u00e4chlichen Lieferzeiten je nach Standort und unvorhergesehenen Umst\u00e4nden variieren k\u00f6nnen.<\/p>\t\t\t\t\t\t\t\t<\/div>\n\t\t\t\t<\/div>\n\t\t\t\t<div class=\"elementor-element elementor-element-53bb50ba elementor-widget elementor-widget-text-editor\" data-id=\"53bb50ba\" data-element_type=\"widget\" data-e-type=\"widget\" data-widget_type=\"text-editor.default\">\n\t\t\t\t<div class=\"elementor-widget-container\">\n\t\t\t\t\t\t\t\t\t<p>- Internationaler Versand: Zur Zeit bieten wir nur den Versand innerhalb Deutschlands an, Lieferungen au\u00dferhalb Deutschlands sind nicht m\u00f6glich.<\/p>\t\t\t\t\t\t\t\t<\/div>\n\t\t\t\t<\/div>\n\t\t\t\t<div class=\"elementor-element elementor-element-500409a1 elementor-widget elementor-widget-text-editor\" data-id=\"500409a1\" data-element_type=\"widget\" data-e-type=\"widget\" data-widget_type=\"text-editor.default\">\n\t\t\t\t<div class=\"elementor-widget-container\">\n\t\t\t\t\t\t\t\t\t<p>Bitte beachten Sie, dass es sich bei den oben genannten Versandzeiten um ungef\u00e4hre Angaben handelt, die die Bearbeitungszeit der Bestellung nicht ber\u00fccksichtigen. Wir bem\u00fchen uns, Bestellungen, die an Wochentagen (au\u00dfer an Feiertagen) aufgegeben werden, noch am selben Tag bis 15:00 Uhr zu versenden. Bitte beachten Sie jedoch, dass die Bearbeitung von Bestellungen in Sto\u00dfzeiten ein oder zwei Tage l\u00e4nger dauern kann.<\/p><p>Wir arbeiten kontinuierlich daran, einen p\u00fcnktlichen und effizienten Versand zu gew\u00e4hrleisten und Ihnen einen reibungslosen und zuverl\u00e4ssigen Empfang Ihrer Bestellungen zu erm\u00f6glichen.<\/p>\t\t\t\t\t\t\t\t<\/div>\n\t\t\t\t<\/div>\n\t\t\t\t\t<\/div>\n\t\t<\/div>\n\t\t\t\t\t<\/div>\n\t\t<\/section>\n\t\t\t\t<section class=\"elementor-section elementor-top-section elementor-element elementor-element-6fefa331 elementor-section-boxed elementor-section-height-default elementor-section-height-default\" data-id=\"6fefa331\" data-element_type=\"section\" data-e-type=\"section\">\n\t\t\t\t\t\t<div class=\"elementor-container elementor-column-gap-default\">\n\t\t\t\t\t<div class=\"elementor-column elementor-col-33 elementor-top-column elementor-element elementor-element-7a57e62\" data-id=\"7a57e62\" data-element_type=\"column\" data-e-type=\"column\">\n\t\t\t<div class=\"elementor-widget-wrap elementor-element-populated\">\n\t\t\t\t\t\t<div class=\"elementor-element elementor-element-3bd40c80 elementor-widget elementor-widget-image\" data-id=\"3bd40c80\" data-element_type=\"widget\" data-e-type=\"widget\" data-widget_type=\"image.default\">\n\t\t\t\t<div class=\"elementor-widget-container\">\n\t\t\t\t\t\t\t\t\t\t\t\t\t\t\t<img decoding=\"async\" width=\"1111\" height=\"1111\" src=\"https:\/\/laurgreen.de\/wp-content\/uploads\/2023\/10\/cdn-globe-locations-Jamiela-Fashion.png\" class=\"attachment-full size-full wp-image-245\" alt=\"\" srcset=\"https:\/\/laurgreen.de\/wp-content\/uploads\/2023\/10\/cdn-globe-locations-Jamiela-Fashion.png 1111w, https:\/\/laurgreen.de\/wp-content\/uploads\/2023\/10\/cdn-globe-locations-Jamiela-Fashion-768x768.png 768w, https:\/\/laurgreen.de\/wp-content\/uploads\/2023\/10\/cdn-globe-locations-Jamiela-Fashion-990x990.png 990w, https:\/\/laurgreen.de\/wp-content\/uploads\/2023\/10\/cdn-globe-locations-Jamiela-Fashion-441x441.png 441w, https:\/\/laurgreen.de\/wp-content\/uploads\/2023\/10\/cdn-globe-locations-Jamiela-Fashion-100x100.png 100w, https:\/\/laurgreen.de\/wp-content\/uploads\/2023\/10\/cdn-globe-locations-Jamiela-Fashion-300x300.png 300w, https:\/\/laurgreen.de\/wp-content\/uploads\/2023\/10\/cdn-globe-locations-Jamiela-Fashion-600x600.png 600w, https:\/\/laurgreen.de\/wp-content\/uploads\/2023\/10\/cdn-globe-locations-Jamiela-Fashion-150x150.png 150w\" sizes=\"(max-width: 1111px) 100vw, 1111px\" \/>\t\t\t\t\t\t\t\t\t\t\t\t\t\t\t<\/div>\n\t\t\t\t<\/div>\n\t\t\t\t\t<\/div>\n\t\t<\/div>\n\t\t\t\t<div class=\"elementor-column elementor-col-33 elementor-top-column elementor-element elementor-element-662cc519\" data-id=\"662cc519\" data-element_type=\"column\" data-e-type=\"column\">\n\t\t\t<div class=\"elementor-widget-wrap\">\n\t\t\t\t\t\t\t<\/div>\n\t\t<\/div>\n\t\t\t\t<div class=\"elementor-column elementor-col-33 elementor-top-column elementor-element elementor-element-2a91e98c\" data-id=\"2a91e98c\" data-element_type=\"column\" data-e-type=\"column\">\n\t\t\t<div class=\"elementor-widget-wrap elementor-element-populated\">\n\t\t\t\t\t\t<div class=\"elementor-element elementor-element-964ee9e elementor-widget elementor-widget-heading\" data-id=\"964ee9e\" data-element_type=\"widget\" data-e-type=\"widget\" data-widget_type=\"heading.default\">\n\t\t\t\t<div class=\"elementor-widget-container\">\n\t\t\t\t\t<h2 class=\"elementor-heading-title elementor-size-default\">Informationen zur Verfolgung<\/h2>\t\t\t\t<\/div>\n\t\t\t\t<\/div>\n\t\t\t\t<div class=\"elementor-element elementor-element-7a645658 elementor-widget elementor-widget-text-editor\" data-id=\"7a645658\" data-element_type=\"widget\" data-e-type=\"widget\" data-widget_type=\"text-editor.default\">\n\t\t\t\t<div class=\"elementor-widget-container\">\n\t\t\t\t\t\t\t\t\t<p>Mit unserem Kundenauftragsverfolgungsservice k\u00f6nnen Sie den Status Ihrer Bestellungen jederzeit und \u00fcberall verfolgen. Verwenden Sie einfach die per E-Mail \u00fcbermittelte Sendungsverfolgungsnummer oder suchen Sie Ihre Bestell-ID-Nummer auf der Website <a href=\"https:\/\/laurgreen.de\/de\/my-account\/\">Mein Konto<\/a> &gt;&gt; <a href=\"https:\/\/laurgreen.de\/de\/my-account\/orders\/\">Bestellungen<\/a> . F\u00fcr Echtzeit-Updates besuchen Sie unsere Seite zur Auftragsverfolgung <a href=\"https:\/\/laurgreen.de\/de\/track-your-order\/\" target=\"_blank\" rel=\"noopener\">hier<\/a>.<\/p><p>Bleiben Sie auf dem Laufenden und behalten Sie die Kontrolle \u00fcber Ihre Eink\u00e4ufe - ganz einfach und in aller Ruhe.<\/p><p>Wenn Sie weitere Fragen haben, wenden Sie sich bitte an <a href=\"https:\/\/laurgreen.de\/de\/contact-us\/\">Kontaktieren Sie uns<\/a> und wir werden unser Bestes tun, um Ihnen zu helfen.<\/p>\t\t\t\t\t\t\t\t<\/div>\n\t\t\t\t<\/div>\n\t\t\t\t\t<\/div>\n\t\t<\/div>\n\t\t\t\t\t<\/div>\n\t\t<\/section>\n\t\t\t\t<\/div>","protected":false},"excerpt":{"rendered":"<p>SHIPPING, TRACKING &amp; DELIVERY Shipping Information In Germany, our shipping costs are transparent and inclusive of statutory VAT. The exact amount of shipping costs will be displayed in the shopping cart or checkout area when you place your order. Please note that currently, we do not offer deliveries outside of Germany. For orders placed on [&hellip;]<\/p>\n","protected":false},"author":1,"featured_media":0,"parent":0,"menu_order":0,"comment_status":"closed","ping_status":"closed","template":"","meta":{"footnotes":""},"class_list":["post-33","page","type-page","status-publish","hentry"],"_links":{"self":[{"href":"https:\/\/laurgreen.de\/de\/wp-json\/wp\/v2\/pages\/33","targetHints":{"allow":["GET"]}}],"collection":[{"href":"https:\/\/laurgreen.de\/de\/wp-json\/wp\/v2\/pages"}],"about":[{"href":"https:\/\/laurgreen.de\/de\/wp-json\/wp\/v2\/types\/page"}],"author":[{"embeddable":true,"href":"https:\/\/laurgreen.de\/de\/wp-json\/wp\/v2\/users\/1"}],"replies":[{"embeddable":true,"href":"https:\/\/laurgreen.de\/de\/wp-json\/wp\/v2\/comments?post=33"}],"version-history":[{"count":3,"href":"https:\/\/laurgreen.de\/de\/wp-json\/wp\/v2\/pages\/33\/revisions"}],"predecessor-version":[{"id":1819,"href":"https:\/\/laurgreen.de\/de\/wp-json\/wp\/v2\/pages\/33\/revisions\/1819"}],"wp:attachment":[{"href":"https:\/\/laurgreen.de\/de\/wp-json\/wp\/v2\/media?parent=33"}],"curies":[{"name":"wp","href":"https:\/\/api.w.org\/{rel}","templated":true}]}}