{"id":886,"date":"2024-02-25T19:14:49","date_gmt":"2024-02-25T19:14:49","guid":{"rendered":"https:\/\/laurgreen.de\/?page_id=886"},"modified":"2024-03-28T13:57:10","modified_gmt":"2024-03-28T13:57:10","slug":"tipps-anwendungen","status":"publish","type":"page","link":"https:\/\/laurgreen.de\/de\/tipps-anwendungen\/","title":{"rendered":"Tipps &#038; Anwendungen"},"content":{"rendered":"<div data-elementor-type=\"wp-page\" data-elementor-id=\"886\" class=\"elementor elementor-886\" data-elementor-post-type=\"page\">\n\t\t\t\t\t\t<section class=\"elementor-section elementor-top-section elementor-element elementor-element-a34cf6a elementor-section-full_width elementor-section-height-min-height elementor-section-height-default elementor-section-items-middle\" data-id=\"a34cf6a\" data-element_type=\"section\" data-e-type=\"section\" data-settings=\"{&quot;background_background&quot;:&quot;classic&quot;}\">\n\t\t\t\t\t\t\t<div class=\"elementor-background-overlay\"><\/div>\n\t\t\t\t\t\t\t<div class=\"elementor-container elementor-column-gap-default\">\n\t\t\t\t\t<div class=\"elementor-column elementor-col-100 elementor-top-column elementor-element elementor-element-99e92fd\" data-id=\"99e92fd\" data-element_type=\"column\" data-e-type=\"column\">\n\t\t\t<div class=\"elementor-widget-wrap elementor-element-populated\">\n\t\t\t\t\t\t<div class=\"elementor-element elementor-element-0dcc3da elementor-widget elementor-widget-heading\" data-id=\"0dcc3da\" data-element_type=\"widget\" data-e-type=\"widget\" data-widget_type=\"heading.default\">\n\t\t\t\t<div class=\"elementor-widget-container\">\n\t\t\t\t\t<h2 class=\"elementor-heading-title elementor-size-default\">Ideal nach dem Sport als Muskel Treatment<\/h2>\t\t\t\t<\/div>\n\t\t\t\t<\/div>\n\t\t\t\t\t<\/div>\n\t\t<\/div>\n\t\t\t\t\t<\/div>\n\t\t<\/section>\n\t\t\t\t<section class=\"elementor-section elementor-inner-section elementor-element elementor-element-805f721 elementor-section-boxed elementor-section-height-default elementor-section-height-default\" data-id=\"805f721\" data-element_type=\"section\" data-e-type=\"section\">\n\t\t\t\t\t\t<div class=\"elementor-container elementor-column-gap-wider\">\n\t\t\t\t\t<div class=\"elementor-column elementor-col-33 elementor-inner-column elementor-element elementor-element-32eefd9\" data-id=\"32eefd9\" data-element_type=\"column\" data-e-type=\"column\">\n\t\t\t<div class=\"elementor-widget-wrap elementor-element-populated\">\n\t\t\t\t\t\t<div class=\"elementor-element elementor-element-29111c2 elementor-position-top elementor-widget elementor-widget-image-box\" data-id=\"29111c2\" data-element_type=\"widget\" data-e-type=\"widget\" data-widget_type=\"image-box.default\">\n\t\t\t\t<div class=\"elementor-widget-container\">\n\t\t\t\t\t<div class=\"elementor-image-box-wrapper\"><figure class=\"elementor-image-box-img\"><img fetchpriority=\"high\" decoding=\"async\" width=\"512\" height=\"512\" src=\"https:\/\/laurgreen.de\/wp-content\/uploads\/2024\/02\/restore.png\" class=\"attachment-full size-full wp-image-902\" alt=\"\" srcset=\"https:\/\/laurgreen.de\/wp-content\/uploads\/2024\/02\/restore.png 512w, https:\/\/laurgreen.de\/wp-content\/uploads\/2024\/02\/restore-12x12.png 12w, https:\/\/laurgreen.de\/wp-content\/uploads\/2024\/02\/restore-441x441.png 441w, https:\/\/laurgreen.de\/wp-content\/uploads\/2024\/02\/restore-100x100.png 100w, https:\/\/laurgreen.de\/wp-content\/uploads\/2024\/02\/restore-300x300.png 300w, https:\/\/laurgreen.de\/wp-content\/uploads\/2024\/02\/restore-150x150.png 150w\" sizes=\"(max-width: 512px) 100vw, 512px\" \/><\/figure><div class=\"elementor-image-box-content\"><h3 class=\"elementor-image-box-title\"><span class=\"OYPEnA text-decoration-none text-strikethrough-none\" style=\"font-family: Quicksand, sans-serif\">Regeneration<\/span><span style=\"font-family: Quicksand, sans-serif\"><\/span><\/h3><p class=\"elementor-image-box-description\"><span style=\"font-family: Muli, sans-serif;font-size: 14px\">unterst\u00fctzt die Hautregeneration nach intensivem Training<\/span><span style=\"font-family: Muli, sans-serif;font-size: 14px\"><\/span><\/p><\/div><\/div>\t\t\t\t<\/div>\n\t\t\t\t<\/div>\n\t\t\t\t\t<\/div>\n\t\t<\/div>\n\t\t\t\t<div class=\"elementor-column elementor-col-33 elementor-inner-column elementor-element elementor-element-b7eb755\" data-id=\"b7eb755\" data-element_type=\"column\" data-e-type=\"column\">\n\t\t\t<div class=\"elementor-widget-wrap elementor-element-populated\">\n\t\t\t\t\t\t<div class=\"elementor-element elementor-element-8d32373 elementor-position-top elementor-widget elementor-widget-image-box\" data-id=\"8d32373\" data-element_type=\"widget\" data-e-type=\"widget\" data-widget_type=\"image-box.default\">\n\t\t\t\t<div class=\"elementor-widget-container\">\n\t\t\t\t\t<div class=\"elementor-image-box-wrapper\"><figure class=\"elementor-image-box-img\"><img decoding=\"async\" width=\"512\" height=\"512\" src=\"https:\/\/laurgreen.de\/wp-content\/uploads\/2024\/02\/face-massage.png\" class=\"attachment-full size-full wp-image-901\" alt=\"\" srcset=\"https:\/\/laurgreen.de\/wp-content\/uploads\/2024\/02\/face-massage.png 512w, https:\/\/laurgreen.de\/wp-content\/uploads\/2024\/02\/face-massage-12x12.png 12w, https:\/\/laurgreen.de\/wp-content\/uploads\/2024\/02\/face-massage-441x441.png 441w, https:\/\/laurgreen.de\/wp-content\/uploads\/2024\/02\/face-massage-100x100.png 100w, https:\/\/laurgreen.de\/wp-content\/uploads\/2024\/02\/face-massage-300x300.png 300w, https:\/\/laurgreen.de\/wp-content\/uploads\/2024\/02\/face-massage-150x150.png 150w\" sizes=\"(max-width: 512px) 100vw, 512px\" \/><\/figure><div class=\"elementor-image-box-content\"><h3 class=\"elementor-image-box-title\"><span style=\"font-family: Quicksand, sans-serif\">Entspannung<\/span><\/h3><p class=\"elementor-image-box-description\"><span style=\"font-family: Muli, sans-serif;font-size: 14px\">tr\u00e4gt zur Entspannung der Muskulatur durch pflegende Inhaltsstoffe bei<\/span><span style=\"font-family: Muli, sans-serif;font-size: 14px\"><\/span><\/p><\/div><\/div>\t\t\t\t<\/div>\n\t\t\t\t<\/div>\n\t\t\t\t\t<\/div>\n\t\t<\/div>\n\t\t\t\t<div class=\"elementor-column elementor-col-33 elementor-inner-column elementor-element elementor-element-5514b8d\" data-id=\"5514b8d\" data-element_type=\"column\" data-e-type=\"column\">\n\t\t\t<div class=\"elementor-widget-wrap elementor-element-populated\">\n\t\t\t\t\t\t<div class=\"elementor-element elementor-element-ce68bfe elementor-position-top elementor-widget elementor-widget-image-box\" data-id=\"ce68bfe\" data-element_type=\"widget\" data-e-type=\"widget\" data-widget_type=\"image-box.default\">\n\t\t\t\t<div class=\"elementor-widget-container\">\n\t\t\t\t\t<div class=\"elementor-image-box-wrapper\"><figure class=\"elementor-image-box-img\"><img decoding=\"async\" width=\"512\" height=\"512\" src=\"https:\/\/laurgreen.de\/wp-content\/uploads\/2024\/02\/skincare.png\" class=\"attachment-full size-full wp-image-900\" alt=\"\" srcset=\"https:\/\/laurgreen.de\/wp-content\/uploads\/2024\/02\/skincare.png 512w, https:\/\/laurgreen.de\/wp-content\/uploads\/2024\/02\/skincare-12x12.png 12w, https:\/\/laurgreen.de\/wp-content\/uploads\/2024\/02\/skincare-441x441.png 441w, https:\/\/laurgreen.de\/wp-content\/uploads\/2024\/02\/skincare-100x100.png 100w, https:\/\/laurgreen.de\/wp-content\/uploads\/2024\/02\/skincare-300x300.png 300w, https:\/\/laurgreen.de\/wp-content\/uploads\/2024\/02\/skincare-150x150.png 150w\" sizes=\"(max-width: 512px) 100vw, 512px\" \/><\/figure><div class=\"elementor-image-box-content\"><h3 class=\"elementor-image-box-title\"><span class=\"OYPEnA text-decoration-none text-strikethrough-none\" style=\"font-family: Quicksand, sans-serif\">Feuchtigkeit<\/span><span style=\"font-family: Quicksand, sans-serif\"><\/span><\/h3><p class=\"elementor-image-box-description\"><span style=\"font-family: Muli, sans-serif;font-size: 14px\">bietet Feuchtigkeit und Pflege, um die Haut auch bei h\u00e4ufigem Duschen geschmeidig zu halten\n<\/span><div><span style=\"font-family: Muli, sans-serif;font-size: 14px\"><br><\/span><\/div><\/p><\/div><\/div>\t\t\t\t<\/div>\n\t\t\t\t<\/div>\n\t\t\t\t\t<\/div>\n\t\t<\/div>\n\t\t\t\t\t<\/div>\n\t\t<\/section>\n\t\t\t\t<section class=\"elementor-section elementor-inner-section elementor-element elementor-element-df8bf46 elementor-section-boxed elementor-section-height-default elementor-section-height-default\" data-id=\"df8bf46\" data-element_type=\"section\" data-e-type=\"section\">\n\t\t\t\t\t\t<div class=\"elementor-container elementor-column-gap-wider\">\n\t\t\t\t\t<div class=\"elementor-column elementor-col-50 elementor-inner-column elementor-element elementor-element-0814444\" data-id=\"0814444\" data-element_type=\"column\" data-e-type=\"column\">\n\t\t\t<div class=\"elementor-widget-wrap elementor-element-populated\">\n\t\t\t\t\t\t<div class=\"elementor-element elementor-element-b39d6ac elementor-position-top elementor-widget elementor-widget-image-box\" data-id=\"b39d6ac\" data-element_type=\"widget\" data-e-type=\"widget\" data-widget_type=\"image-box.default\">\n\t\t\t\t<div class=\"elementor-widget-container\">\n\t\t\t\t\t<div class=\"elementor-image-box-wrapper\"><figure class=\"elementor-image-box-img\"><img loading=\"lazy\" decoding=\"async\" width=\"512\" height=\"512\" src=\"https:\/\/laurgreen.de\/wp-content\/uploads\/2024\/02\/anti-fleas.png\" class=\"attachment-full size-full wp-image-898\" alt=\"\" srcset=\"https:\/\/laurgreen.de\/wp-content\/uploads\/2024\/02\/anti-fleas.png 512w, https:\/\/laurgreen.de\/wp-content\/uploads\/2024\/02\/anti-fleas-12x12.png 12w, https:\/\/laurgreen.de\/wp-content\/uploads\/2024\/02\/anti-fleas-441x441.png 441w, https:\/\/laurgreen.de\/wp-content\/uploads\/2024\/02\/anti-fleas-100x100.png 100w, https:\/\/laurgreen.de\/wp-content\/uploads\/2024\/02\/anti-fleas-300x300.png 300w, https:\/\/laurgreen.de\/wp-content\/uploads\/2024\/02\/anti-fleas-150x150.png 150w\" sizes=\"(max-width: 512px) 100vw, 512px\" \/><\/figure><div class=\"elementor-image-box-content\"><h3 class=\"elementor-image-box-title\"><span class=\"OYPEnA text-decoration-none text-strikethrough-none\" style=\"font-family: Quicksand, sans-serif\">Entz\u00fcndungshemmend<\/span><span style=\"font-family: Quicksand, sans-serif\"><\/span><\/h3><p class=\"elementor-image-box-description\"><span style=\"font-family: Muli, sans-serif;font-size: 14px\">Sie kann entz\u00fcndungshemmende Eigenschaften haben, die bei Hautirritationen helfen<\/span><span style=\"font-family: Muli, sans-serif;font-size: 14px\"><\/span><\/p><\/div><\/div>\t\t\t\t<\/div>\n\t\t\t\t<\/div>\n\t\t\t\t\t<\/div>\n\t\t<\/div>\n\t\t\t\t<div class=\"elementor-column elementor-col-50 elementor-inner-column elementor-element elementor-element-4a0246e\" data-id=\"4a0246e\" data-element_type=\"column\" data-e-type=\"column\">\n\t\t\t<div class=\"elementor-widget-wrap elementor-element-populated\">\n\t\t\t\t\t\t<div class=\"elementor-element elementor-element-3579838 elementor-position-top elementor-widget elementor-widget-image-box\" data-id=\"3579838\" data-element_type=\"widget\" data-e-type=\"widget\" data-widget_type=\"image-box.default\">\n\t\t\t\t<div class=\"elementor-widget-container\">\n\t\t\t\t\t<div class=\"elementor-image-box-wrapper\"><figure class=\"elementor-image-box-img\"><img loading=\"lazy\" decoding=\"async\" width=\"512\" height=\"512\" src=\"https:\/\/laurgreen.de\/wp-content\/uploads\/2024\/02\/inner-beauty.png\" class=\"attachment-full size-full wp-image-899\" alt=\"\" srcset=\"https:\/\/laurgreen.de\/wp-content\/uploads\/2024\/02\/inner-beauty.png 512w, https:\/\/laurgreen.de\/wp-content\/uploads\/2024\/02\/inner-beauty-12x12.png 12w, https:\/\/laurgreen.de\/wp-content\/uploads\/2024\/02\/inner-beauty-441x441.png 441w, https:\/\/laurgreen.de\/wp-content\/uploads\/2024\/02\/inner-beauty-100x100.png 100w, https:\/\/laurgreen.de\/wp-content\/uploads\/2024\/02\/inner-beauty-300x300.png 300w, https:\/\/laurgreen.de\/wp-content\/uploads\/2024\/02\/inner-beauty-150x150.png 150w\" sizes=\"(max-width: 512px) 100vw, 512px\" \/><\/figure><div class=\"elementor-image-box-content\"><h3 class=\"elementor-image-box-title\"><span class=\"OYPEnA text-decoration-none text-strikethrough-none\" style=\"font-family: Quicksand, sans-serif\">Reinigung<\/span><span style=\"font-family: Quicksand, sans-serif\"><\/span><\/h3><p class=\"elementor-image-box-description\"><div><span style=\"font-family: Muli, sans-serif;font-size: 14px\">Bietet eine sanfte Reinigung f\u00fcr Sportler, um Schwei\u00df und Verschmutzungen zu entfernen<\/span><span style=\"font-family: Muli, sans-serif;font-size: 14px\"><\/span><span style=\"font-family: Muli, sans-serif;font-size: 14px\"><br><\/span><\/div><\/p><\/div><\/div>\t\t\t\t<\/div>\n\t\t\t\t<\/div>\n\t\t\t\t\t<\/div>\n\t\t<\/div>\n\t\t\t\t\t<\/div>\n\t\t<\/section>\n\t\t\t\t<section class=\"elementor-section elementor-top-section elementor-element elementor-element-8ab615f elementor-section-boxed elementor-section-height-default elementor-section-height-default\" data-id=\"8ab615f\" data-element_type=\"section\" data-e-type=\"section\">\n\t\t\t\t\t\t<div class=\"elementor-container elementor-column-gap-default\">\n\t\t\t\t\t<div class=\"elementor-column elementor-col-100 elementor-top-column elementor-element elementor-element-6635026\" data-id=\"6635026\" data-element_type=\"column\" data-e-type=\"column\">\n\t\t\t<div class=\"elementor-widget-wrap elementor-element-populated\">\n\t\t\t\t\t\t<div class=\"elementor-element elementor-element-1781cce elementor-widget elementor-widget-text-editor\" data-id=\"1781cce\" data-element_type=\"widget\" data-e-type=\"widget\" data-widget_type=\"text-editor.default\">\n\t\t\t\t<div class=\"elementor-widget-container\">\n\t\t\t\t\t\t\t\t\t<p><strong>Aleppo-Seife<\/strong> ist eine wunderbare Naturseife, die die Haut erfrischt, entspannt und mit Feuchtigkeit versorgt. \nDank des Inhaltsstoffs Lorbeer\u00f6l, der die Haut st\u00e4rkt und die Blutzirkulation f\u00f6rdert, ist diese Seife besonders vorteilhaft f\u00fcr die Muskelentspannung. Sie hilft dabei, die Blutgef\u00e4\u00dfe flexibel zu halten, die Gef\u00e4\u00dfw\u00e4nde zu st\u00e4rken und die Blutzirkulation anzuregen. Dies tr\u00e4gt zur schnelleren Erholung strapazierter Muskeln bei und erm\u00f6glicht eine rasche R\u00fcckkehr zur vollen St\u00e4rke. Es ist eine einfache und wirkungsvolle Methode, um die Haut zu pflegen und die Gesundheit der Muskeln zu unterst\u00fctzen!<\/p>\t\t\t\t\t\t\t\t<\/div>\n\t\t\t\t<\/div>\n\t\t\t\t\t<\/div>\n\t\t<\/div>\n\t\t\t\t\t<\/div>\n\t\t<\/section>\n\t\t\t\t<section class=\"elementor-section elementor-top-section elementor-element elementor-element-7380724 elementor-section-boxed elementor-section-height-default elementor-section-height-default\" data-id=\"7380724\" data-element_type=\"section\" data-e-type=\"section\">\n\t\t\t\t\t\t<div class=\"elementor-container elementor-column-gap-default\">\n\t\t\t\t\t<div class=\"elementor-column elementor-col-100 elementor-top-column elementor-element elementor-element-807e08e\" data-id=\"807e08e\" data-element_type=\"column\" data-e-type=\"column\">\n\t\t\t<div class=\"elementor-widget-wrap elementor-element-populated\">\n\t\t\t\t\t\t<section class=\"elementor-section elementor-inner-section elementor-element elementor-element-4b58e13 elementor-section-boxed elementor-section-height-default elementor-section-height-default\" data-id=\"4b58e13\" data-element_type=\"section\" data-e-type=\"section\">\n\t\t\t\t\t\t<div class=\"elementor-container elementor-column-gap-wider\">\n\t\t\t\t\t<div class=\"elementor-column elementor-col-33 elementor-inner-column elementor-element elementor-element-2c008de\" data-id=\"2c008de\" data-element_type=\"column\" data-e-type=\"column\">\n\t\t\t<div class=\"elementor-widget-wrap elementor-element-populated\">\n\t\t\t\t\t\t<div class=\"elementor-element elementor-element-c1bc9ff elementor-position-top elementor-widget elementor-widget-image-box\" data-id=\"c1bc9ff\" data-element_type=\"widget\" data-e-type=\"widget\" data-widget_type=\"image-box.default\">\n\t\t\t\t<div class=\"elementor-widget-container\">\n\t\t\t\t\t<div class=\"elementor-image-box-wrapper\"><figure class=\"elementor-image-box-img\"><img loading=\"lazy\" decoding=\"async\" width=\"253\" height=\"433\" src=\"https:\/\/laurgreen.de\/wp-content\/uploads\/2024\/02\/Screenshot-2024-02-25-211507.png\" class=\"attachment-full size-full wp-image-903\" alt=\"\" srcset=\"https:\/\/laurgreen.de\/wp-content\/uploads\/2024\/02\/Screenshot-2024-02-25-211507.png 253w, https:\/\/laurgreen.de\/wp-content\/uploads\/2024\/02\/Screenshot-2024-02-25-211507-7x12.png 7w, https:\/\/laurgreen.de\/wp-content\/uploads\/2024\/02\/Screenshot-2024-02-25-211507-150x257.png 150w\" sizes=\"(max-width: 253px) 100vw, 253px\" \/><\/figure><\/div>\t\t\t\t<\/div>\n\t\t\t\t<\/div>\n\t\t\t\t<div class=\"elementor-element elementor-element-bbe7a38 elementor-widget elementor-widget-text-editor\" data-id=\"bbe7a38\" data-element_type=\"widget\" data-e-type=\"widget\" data-widget_type=\"text-editor.default\">\n\t\t\t\t<div class=\"elementor-widget-container\">\n\t\t\t\t\t\t\t\t\t<p>Post-Workout Shampoos und Cremes halten maximal <span style=\"color: #ff0000;\"><strong>1 Monat<\/strong><\/span><br \/>Preis <strong><span style=\"color: #ff0000;\">6 bis 20 Euro<\/span><\/strong><\/p>\t\t\t\t\t\t\t\t<\/div>\n\t\t\t\t<\/div>\n\t\t\t\t\t<\/div>\n\t\t<\/div>\n\t\t\t\t<div class=\"elementor-column elementor-col-33 elementor-inner-column elementor-element elementor-element-e3e7e22\" data-id=\"e3e7e22\" data-element_type=\"column\" data-e-type=\"column\">\n\t\t\t<div class=\"elementor-widget-wrap elementor-element-populated\">\n\t\t\t\t\t\t<div class=\"elementor-element elementor-element-1672325 elementor-widget elementor-widget-spacer\" data-id=\"1672325\" data-element_type=\"widget\" data-e-type=\"widget\" data-widget_type=\"spacer.default\">\n\t\t\t\t<div class=\"elementor-widget-container\">\n\t\t\t\t\t\t\t<div class=\"elementor-spacer\">\n\t\t\t<div class=\"elementor-spacer-inner\"><\/div>\n\t\t<\/div>\n\t\t\t\t\t\t<\/div>\n\t\t\t\t<\/div>\n\t\t\t\t<div class=\"elementor-element elementor-element-242ec9f elementor-widget elementor-widget-heading\" data-id=\"242ec9f\" data-element_type=\"widget\" data-e-type=\"widget\" data-widget_type=\"heading.default\">\n\t\t\t\t<div class=\"elementor-widget-container\">\n\t\t\t\t\t<h2 class=\"elementor-heading-title elementor-size-default\">VS<\/h2>\t\t\t\t<\/div>\n\t\t\t\t<\/div>\n\t\t\t\t\t<\/div>\n\t\t<\/div>\n\t\t\t\t<div class=\"elementor-column elementor-col-33 elementor-inner-column elementor-element elementor-element-bdfc9ca\" data-id=\"bdfc9ca\" data-element_type=\"column\" data-e-type=\"column\">\n\t\t\t<div class=\"elementor-widget-wrap elementor-element-populated\">\n\t\t\t\t\t\t<div class=\"elementor-element elementor-element-3afa168 elementor-position-top elementor-widget elementor-widget-image-box\" data-id=\"3afa168\" data-element_type=\"widget\" data-e-type=\"widget\" data-widget_type=\"image-box.default\">\n\t\t\t\t<div class=\"elementor-widget-container\">\n\t\t\t\t\t<div class=\"elementor-image-box-wrapper\"><figure class=\"elementor-image-box-img\"><img loading=\"lazy\" decoding=\"async\" width=\"2560\" height=\"1440\" src=\"https:\/\/laurgreen.de\/wp-content\/uploads\/2023\/10\/PXL_20231119_212420575.PORTRAIT2_50-scaled.webp\" class=\"attachment-full size-full wp-image-678\" alt=\"\" srcset=\"https:\/\/laurgreen.de\/wp-content\/uploads\/2023\/10\/PXL_20231119_212420575.PORTRAIT2_50-scaled.webp 2560w, https:\/\/laurgreen.de\/wp-content\/uploads\/2023\/10\/PXL_20231119_212420575.PORTRAIT2_50-768x432.webp 768w, https:\/\/laurgreen.de\/wp-content\/uploads\/2023\/10\/PXL_20231119_212420575.PORTRAIT2_50-1536x864.webp 1536w, https:\/\/laurgreen.de\/wp-content\/uploads\/2023\/10\/PXL_20231119_212420575.PORTRAIT2_50-2048x1152.webp 2048w, https:\/\/laurgreen.de\/wp-content\/uploads\/2023\/10\/PXL_20231119_212420575.PORTRAIT2_50-18x10.webp 18w, https:\/\/laurgreen.de\/wp-content\/uploads\/2023\/10\/PXL_20231119_212420575.PORTRAIT2_50-990x557.webp 990w, https:\/\/laurgreen.de\/wp-content\/uploads\/2023\/10\/PXL_20231119_212420575.PORTRAIT2_50-441x248.webp 441w, https:\/\/laurgreen.de\/wp-content\/uploads\/2023\/10\/PXL_20231119_212420575.PORTRAIT2_50-600x338.webp 600w, https:\/\/laurgreen.de\/wp-content\/uploads\/2023\/10\/PXL_20231119_212420575.PORTRAIT2_50-150x84.webp 150w\" sizes=\"(max-width: 2560px) 100vw, 2560px\" \/><\/figure><\/div>\t\t\t\t<\/div>\n\t\t\t\t<\/div>\n\t\t\t\t<div class=\"elementor-element elementor-element-3a1fcda elementor-widget elementor-widget-text-editor\" data-id=\"3a1fcda\" data-element_type=\"widget\" data-e-type=\"widget\" data-widget_type=\"text-editor.default\">\n\t\t\t\t<div class=\"elementor-widget-container\">\n\t\t\t\t\t\t\t\t\t<p>Ein 200g Aleppo-Seifenst\u00fcck ist sehr ergiebig,<br \/>H\u00e4lt je nach Verwendung <br \/>gut <strong><span style=\"color: #ff0000;\">gut 6 Monate<\/span><\/strong> <br \/>Preis <strong><span style=\"color: #ff0000;\">6 bis 9 Euro<\/span><\/strong><\/p>\t\t\t\t\t\t\t\t<\/div>\n\t\t\t\t<\/div>\n\t\t\t\t\t<\/div>\n\t\t<\/div>\n\t\t\t\t\t<\/div>\n\t\t<\/section>\n\t\t\t\t\t<\/div>\n\t\t<\/div>\n\t\t\t\t\t<\/div>\n\t\t<\/section>\n\t\t\t\t<section class=\"elementor-section elementor-top-section elementor-element elementor-element-adbfe64 elementor-section-boxed elementor-section-height-default elementor-section-height-default\" data-id=\"adbfe64\" data-element_type=\"section\" data-e-type=\"section\">\n\t\t\t\t\t\t<div class=\"elementor-container elementor-column-gap-default\">\n\t\t\t\t\t<div class=\"elementor-column elementor-col-100 elementor-top-column elementor-element elementor-element-bdb47f8\" data-id=\"bdb47f8\" data-element_type=\"column\" data-e-type=\"column\">\n\t\t\t<div class=\"elementor-widget-wrap elementor-element-populated\">\n\t\t\t\t\t\t<div class=\"elementor-element elementor-element-a96c212 elementor-align-center elementor-widget elementor-widget-button\" data-id=\"a96c212\" data-element_type=\"widget\" data-e-type=\"widget\" data-widget_type=\"button.default\">\n\t\t\t\t<div class=\"elementor-widget-container\">\n\t\t\t\t\t\t\t\t\t<div class=\"elementor-button-wrapper\">\n\t\t\t\t\t<a class=\"elementor-button elementor-button-link elementor-size-xs elementor-animation-grow\" href=\"https:\/\/laurgreen.de\/de\/produkt\/laur-classic-original-aleppo-soap-40-laurel-oil\/\">\n\t\t\t\t\t\t<span class=\"elementor-button-content-wrapper\">\n\t\t\t\t\t\t<span class=\"elementor-button-icon\">\n\t\t\t\t<i aria-hidden=\"true\" class=\"far fa-credit-card\"><\/i>\t\t\t<\/span>\n\t\t\t\t\t\t\t\t\t<span class=\"elementor-button-text\">Bestellen Sie jetzt Ihre 100% Naturseife<\/span>\n\t\t\t\t\t<\/span>\n\t\t\t\t\t<\/a>\n\t\t\t\t<\/div>\n\t\t\t\t\t\t\t\t<\/div>\n\t\t\t\t<\/div>\n\t\t\t\t\t<\/div>\n\t\t<\/div>\n\t\t\t\t\t<\/div>\n\t\t<\/section>\n\t\t\t\t<\/div>","protected":false},"excerpt":{"rendered":"<p>Ideal After Sports as a Muscle Treatment Regeneration Supports skin regeneration after intensive training Relaxation Contributes to muscle relaxation with nourishing ingredients Moisturizing Provides moisture and care to keep the skin smooth even with frequent showering Anti-inflammatory May have anti-inflammatory properties that help with skin irritations Cleansing Offers gentle cleansing for athletes to remove sweat [&hellip;]<\/p>\n","protected":false},"author":1,"featured_media":0,"parent":0,"menu_order":0,"comment_status":"closed","ping_status":"closed","template":"template-fullwidth-no-heading.php","meta":{"footnotes":""},"class_list":["post-886","page","type-page","status-publish","hentry"],"_links":{"self":[{"href":"https:\/\/laurgreen.de\/de\/wp-json\/wp\/v2\/pages\/886","targetHints":{"allow":["GET"]}}],"collection":[{"href":"https:\/\/laurgreen.de\/de\/wp-json\/wp\/v2\/pages"}],"about":[{"href":"https:\/\/laurgreen.de\/de\/wp-json\/wp\/v2\/types\/page"}],"author":[{"embeddable":true,"href":"https:\/\/laurgreen.de\/de\/wp-json\/wp\/v2\/users\/1"}],"replies":[{"embeddable":true,"href":"https:\/\/laurgreen.de\/de\/wp-json\/wp\/v2\/comments?post=886"}],"version-history":[{"count":0,"href":"https:\/\/laurgreen.de\/de\/wp-json\/wp\/v2\/pages\/886\/revisions"}],"wp:attachment":[{"href":"https:\/\/laurgreen.de\/de\/wp-json\/wp\/v2\/media?parent=886"}],"curies":[{"name":"wp","href":"https:\/\/api.w.org\/{rel}","templated":true}]}}