{"id":398,"date":"2023-10-09T10:50:14","date_gmt":"2023-10-09T10:50:14","guid":{"rendered":"https:\/\/laurgreen.de\/?post_type=product&#038;p=398"},"modified":"2025-10-15T08:55:48","modified_gmt":"2025-10-15T06:55:48","slug":"laur-modern-aleppo-soap-5-laurel-oil-100g","status":"publish","type":"product","link":"https:\/\/laurgreen.de\/de\/produkt\/laur-modern-aleppo-soap-5-laurel-oil-100g\/","title":{"rendered":"LAUR Modern- Aleppo Seife 5% Lorbeer\u00f6l \/ ca.100g"},"content":{"rendered":"<p>Wir stellen Ihnen die moderne und verj\u00fcngende LAUR Modern - Aleppo Seife vor, eine meisterhafte Kreation mit 5% nat\u00fcrlichem Lorbeer\u00f6l und einem Gewicht von 100g. Eine moderne Variante der zeitlosen Tradition der Aleppo-Seife, die sorgf\u00e4ltig hergestellt wurde, um den sich wandelnden Bed\u00fcrfnissen der heutigen Hautpflege-Enthusiasten gerecht zu werden.<\/p>\n\n\n\n<p>Mit einer perfekten Balance von 5% Lorbeer\u00f6l und einer reichen Basis aus pflegendem Oliven\u00f6l bietet diese Seife ein bezauberndes und belebendes Reinigungserlebnis. Lassen Sie sich von der sanften Ber\u00fchrung des Oliven\u00f6ls verw\u00f6hnen, das Ihre Haut tief mit Feuchtigkeit versorgt und sie erfrischt und samtig glatt hinterl\u00e4sst.<\/p>\n\n\n\n<p>LAUR Modern - Aleppo Soap bringt Ihnen die Essenz der Natur in einer schlanken und kompakten Form. Dank ihrer kompakten Gr\u00f6\u00dfe ist sie ideal f\u00fcr die Reise und die Anwendung unterwegs, damit Ihre Haut \u00fcberall die liebevolle Pflege erh\u00e4lt, die sie verdient.<\/p>\n\n\n\n<p>Tauchen Sie ein in den subtilen und verf\u00fchrerischen Duft, der jedes luxuri\u00f6se Aufsch\u00e4umen begleitet. Die 5% Zugabe von Lorbeer\u00f6l verleiht ihr eine beruhigende Note und macht sie f\u00fcr alle Hauttypen, auch die empfindlichsten, geeignet.<\/p>\n\n\n\n<p>Sp\u00fcren Sie die Harmonie von Tradition und Moderne, wenn Sie den Komfort und die Vorteile der LAUR Modern - Aleppo Seife genie\u00dfen. Erleben Sie die Kunst der Hautpflege, die bis zur Perfektion verfeinert wurde und ein Verw\u00f6hnerlebnis bietet, das die nat\u00fcrliche Ausstrahlung Ihrer Haut wiedererweckt.<\/p>\n\n\n\n<p>Entdecken Sie die Essenz des modernen Luxus mit LAUR Modern - Aleppo Soap, wo das alte Erbe auf den zeitgen\u00f6ssischen Lebensstil trifft. G\u00f6nnen Sie sich eine revitalisierende und transformative Erfahrung, denn LAUR Modern wird Ihr zuverl\u00e4ssiger Begleiter bei der Pflege und Erhaltung der Gesundheit und Sch\u00f6nheit Ihrer Haut.<\/p>\n\n\n\n<p><\/p>\n\n\n\n<p><\/p>\n\n\n\n<p><mark><strong>Hinweis<\/strong>:<\/mark> Bitte beachten Sie, dass aufgrund der handgefertigten Natur und der hohen Handwerkskunst leichte Unterschiede in Farbe, Textur und Gewicht zwischen den Produkten auftreten k\u00f6nnen. Diese Unterschiede spiegeln die Einzigartigkeit jedes St\u00fccks wider und verleihen der Seife einen Hauch von Authentizit\u00e4t und Besonderheit. Wir versichern Ihnen, dass die Qualit\u00e4t und die nat\u00fcrlichen Vorteile des Produkts in jedem sorgf\u00e4ltig gefertigten St\u00fcck mit Liebe und Sorgfalt konstant und garantiert bleiben.<\/p>","protected":false},"excerpt":{"rendered":"<ul>\n<li>F\u00fcr alle Hauttypen<\/li>\n<li>F\u00fcr Gesicht, Haare, H\u00e4nde &amp; K\u00f6rper<\/li>\n<li>100% Handgefertigt<\/li>\n<li>Nat\u00fcrliche Inhaltsstoffe<\/li>\n<li>Product weight: 100g \u00b110<\/li>\n<\/ul>\n<p style=\"color: #5e9ca0;\"><strong><span style=\"color: #008000;\">Voraussichtliche Lieferung 1-3 Werktage<\/span><\/strong><\/p>","protected":false},"featured_media":405,"comment_status":"open","ping_status":"closed","template":"","meta":[],"product_brand":[],"product_cat":[51,52],"product_tag":[],"class_list":{"0":"post-398","1":"product","2":"type-product","3":"status-publish","4":"has-post-thumbnail","6":"product_cat-aleppo-soap-modern","7":"product_cat-original-aleppo-soap","9":"first","10":"instock","11":"sale","12":"taxable","13":"shipping-taxable","14":"purchasable","15":"product-type-variable","16":"has-default-attributes"},"_links":{"self":[{"href":"https:\/\/laurgreen.de\/de\/wp-json\/wp\/v2\/product\/398","targetHints":{"allow":["GET"]}}],"collection":[{"href":"https:\/\/laurgreen.de\/de\/wp-json\/wp\/v2\/product"}],"about":[{"href":"https:\/\/laurgreen.de\/de\/wp-json\/wp\/v2\/types\/product"}],"replies":[{"embeddable":true,"href":"https:\/\/laurgreen.de\/de\/wp-json\/wp\/v2\/comments?post=398"}],"wp:featuredmedia":[{"embeddable":true,"href":"https:\/\/laurgreen.de\/de\/wp-json\/wp\/v2\/media\/405"}],"wp:attachment":[{"href":"https:\/\/laurgreen.de\/de\/wp-json\/wp\/v2\/media?parent=398"}],"wp:term":[{"taxonomy":"product_brand","embeddable":true,"href":"https:\/\/laurgreen.de\/de\/wp-json\/wp\/v2\/product_brand?post=398"},{"taxonomy":"product_cat","embeddable":true,"href":"https:\/\/laurgreen.de\/de\/wp-json\/wp\/v2\/product_cat?post=398"},{"taxonomy":"product_tag","embeddable":true,"href":"https:\/\/laurgreen.de\/de\/wp-json\/wp\/v2\/product_tag?post=398"}],"curies":[{"name":"wp","href":"https:\/\/api.w.org\/{rel}","templated":true}]}}