{"id":406,"date":"2023-10-09T11:12:58","date_gmt":"2023-10-09T11:12:58","guid":{"rendered":"https:\/\/laurgreen.de\/?post_type=product&#038;p=406"},"modified":"2025-10-28T21:52:05","modified_gmt":"2025-10-28T20:52:05","slug":"laur-classic-original-aleppo-soap-20-laurel-oil","status":"publish","type":"product","link":"https:\/\/laurgreen.de\/de\/produkt\/laur-classic-original-aleppo-soap-20-laurel-oil\/","title":{"rendered":"LAUR Classic - Original Aleppo-Seife 20% Lorbeer\u00f6l"},"content":{"rendered":"<p>Wir stellen Ihnen die faszinierende <strong>LAUR Classic - Original Aleppo Seife<\/strong>vor, die in sorgf\u00e4ltiger Handarbeit aus einer einzigartigen Mischung aus 20% nat\u00fcrlichem Lorbeer\u00f6l und 79% reinem Oliven\u00f6l hergestellt wird. Diese exquisite Seife f\u00e4ngt die Essenz altehrw\u00fcrdiger Traditionen aus Aleppo, Syrien, ein, wo erfahrene Kunsthandwerker die Kunst der Seifenherstellung seit Generationen perfektioniert haben.<\/p>\n\n\n\n<p>Genie\u00dfen Sie die sanfte Ber\u00fchrung des Oliven\u00f6ls, das Ihre Haut tiefgehend n\u00e4hrt und mit Feuchtigkeit versorgt, so dass sie sich weich und geschmeidig anf\u00fchlt. Genie\u00dfen Sie das subtile und doch belebende Aroma, das die reine Essenz der Natur verstr\u00f6mt. Der 20-prozentige Anteil an Lorbeer\u00f6l bringt seine beruhigenden Eigenschaften in den Vordergrund und bietet eine zarte Note f\u00fcr empfindliche, trockene und beunruhigte Haut.<\/p>\n\n\n\n<p>W\u00e4hrend Sie LAUR Classic - Original Aleppo Seife verwenden, tauchen Sie ein in ein Gef\u00fchl von Luxus und Wohlbefinden. Die nat\u00fcrliche Formel ist frei von sch\u00e4dlichen Chemikalien und garantiert ein wirklich luxuri\u00f6ses Erlebnis, ohne die Gesundheit Ihrer Haut zu beeintr\u00e4chtigen.<\/p>\n\n\n\n<p>Jedes St\u00fcck dieser handgefertigten Seife spiegelt die Hingabe erfahrener Kunsthandwerker wider, die das Erbe der authentischen Aleppo-Seifenherstellung mit Leidenschaft bewahren. Jedes St\u00fcck ist einzigartig und tr\u00e4gt das Zeichen traditioneller Handwerkskunst und einen Hauch von Raffinesse, der Ihre Selbstpflegeroutine auf ein neues Niveau hebt.<\/p>\n\n\n\n<p>Erleben Sie die luxuri\u00f6se Note der LAUR Classic - Original Aleppo Seife mit 20% Lorbeer\u00f6l und 79% Oliven\u00f6l. Machen Sie sich das reiche Erbe von Aleppo zu eigen und verleihen Sie Ihrer Hautpflege einen Hauch von zeitloser Eleganz. Entdecken Sie die Kunst der nat\u00fcrlichen Selbstpflege neu und lassen Sie LAUR Classic Ihr Verb\u00fcndeter sein, um Ihre Haut mit dem Guten der Natur zu verw\u00f6hnen.<\/p>\n\n\n\n<p><\/p>\n\n\n\n<p><\/p>\n\n\n\n<p><mark><strong>Hinweis<\/strong>:<\/mark> Bitte beachten Sie, dass aufgrund der handgefertigten Natur und der hohen Handwerkskunst leichte Unterschiede in Farbe, Textur und Gewicht zwischen den Produkten auftreten k\u00f6nnen. Diese Unterschiede spiegeln die Einzigartigkeit jedes St\u00fccks wider und verleihen der Seife einen Hauch von Authentizit\u00e4t und Besonderheit. Wir versichern Ihnen, dass die Qualit\u00e4t und die nat\u00fcrlichen Vorteile des Produkts in jedem sorgf\u00e4ltig gefertigten St\u00fcck mit Liebe und Sorgfalt konstant und garantiert bleiben.<\/p>","protected":false},"excerpt":{"rendered":"<ul>\n<li>F\u00fcr alle Hauttypen<\/li>\n<li>F\u00fcr Gesicht, Haare, H\u00e4nde &amp; K\u00f6rper<\/li>\n<li>100% Handgefertigt<\/li>\n<li>Nat\u00fcrliche Inhaltsstoffe<\/li>\n<li>Product weight: 200g \u00b110<\/li>\n<\/ul>\n<p style=\"color: #5e9ca0;\"><strong><span style=\"color: #008000;\">Voraussichtliche Lieferung 1-3 Werktage<\/span><\/strong><\/p>","protected":false},"featured_media":985,"comment_status":"open","ping_status":"closed","template":"","meta":[],"product_brand":[],"product_cat":[53,56,59,52],"product_tag":[],"class_list":{"0":"post-406","1":"product","2":"type-product","3":"status-publish","4":"has-post-thumbnail","6":"product_cat-20-laurel-oil","7":"product_cat-aleppo-soap-classic","8":"product_cat-organic-soap","9":"product_cat-original-aleppo-soap","11":"first","12":"instock","13":"sale","14":"taxable","15":"shipping-taxable","16":"purchasable","17":"product-type-variable","18":"has-default-attributes"},"_links":{"self":[{"href":"https:\/\/laurgreen.de\/de\/wp-json\/wp\/v2\/product\/406","targetHints":{"allow":["GET"]}}],"collection":[{"href":"https:\/\/laurgreen.de\/de\/wp-json\/wp\/v2\/product"}],"about":[{"href":"https:\/\/laurgreen.de\/de\/wp-json\/wp\/v2\/types\/product"}],"replies":[{"embeddable":true,"href":"https:\/\/laurgreen.de\/de\/wp-json\/wp\/v2\/comments?post=406"}],"wp:featuredmedia":[{"embeddable":true,"href":"https:\/\/laurgreen.de\/de\/wp-json\/wp\/v2\/media\/985"}],"wp:attachment":[{"href":"https:\/\/laurgreen.de\/de\/wp-json\/wp\/v2\/media?parent=406"}],"wp:term":[{"taxonomy":"product_brand","embeddable":true,"href":"https:\/\/laurgreen.de\/de\/wp-json\/wp\/v2\/product_brand?post=406"},{"taxonomy":"product_cat","embeddable":true,"href":"https:\/\/laurgreen.de\/de\/wp-json\/wp\/v2\/product_cat?post=406"},{"taxonomy":"product_tag","embeddable":true,"href":"https:\/\/laurgreen.de\/de\/wp-json\/wp\/v2\/product_tag?post=406"}],"curies":[{"name":"wp","href":"https:\/\/api.w.org\/{rel}","templated":true}]}}