{"id":413,"date":"2023-10-09T11:15:13","date_gmt":"2023-10-09T11:15:13","guid":{"rendered":"https:\/\/laurgreen.de\/?post_type=product&#038;p=413"},"modified":"2025-09-14T12:46:23","modified_gmt":"2025-09-14T10:46:23","slug":"laur-classic-original-aleppo-soap-40-laurel-oil","status":"publish","type":"product","link":"https:\/\/laurgreen.de\/de\/produkt\/laur-classic-original-aleppo-soap-40-laurel-oil\/","title":{"rendered":"LAUR Classic - Original Aleppo-Seife 40% Lorbeer\u00f6l"},"content":{"rendered":"<p><strong>LAUR Classic - Original Aleppo-Seife 40% Lorbeer\u00f6l<\/strong> steht als Symbol f\u00fcr Reinheit und Tradition und bietet nicht nur ein Reinigungserlebnis, sondern auch eine ganzheitliche Reise f\u00fcr alle. Von den allt\u00e4glichen Hautpflegeritualen bis hin zu spezialisierten Bed\u00fcrfnissen von Sportlern \u00fcberwindet diese au\u00dfergew\u00f6hnliche Seife Grenzen und deckt die vielf\u00e4ltigen Bed\u00fcrfnisse von Menschen weltweit ab.<\/p>\n\n\n\n<div class=\"wp-block-group has-global-padding is-layout-constrained wp-block-group-is-layout-constrained\">\n<div class=\"wp-block-columns is-layout-flex wp-container-core-columns-is-layout-28f84493 wp-block-columns-is-layout-flex\">\n<div class=\"wp-block-column is-layout-flow wp-block-column-is-layout-flow\" style=\"flex-basis:66.66%\">\n<p>Durchdrungen von der restaurativen Kraft des Lorbeer\u00f6ls, erweist sich die LAUR Classic Seife als unverzichtbarer Begleiter f\u00fcr Sportler und Enthusiasten gleicherma\u00dfen. Ihre einzigartige Mischung nat\u00fcrlicher Inhaltsstoffe reinigt und hydratisiert nicht nur die Haut, sondern pflegt auch m\u00fcde Muskeln, f\u00f6rdert Entspannung und Regeneration nach anstrengenden Workouts und intensiver k\u00f6rperlicher Aktivit\u00e4t.<\/p>\n<\/div>\n\n\n\n<div class=\"wp-block-column is-layout-flow wp-block-column-is-layout-flow\" style=\"flex-basis:33.33%\">\n<figure class=\"wp-block-image size-full is-resized\"><img fetchpriority=\"high\" decoding=\"async\" width=\"990\" height=\"660\" src=\"https:\/\/laurgreen.de\/wp-content\/uploads\/2023\/10\/LG40-AleppoSeife-training-gym.webp\" alt=\"\" class=\"wp-image-959\" style=\"width:305px;height:auto\" srcset=\"https:\/\/laurgreen.de\/wp-content\/uploads\/2023\/10\/LG40-AleppoSeife-training-gym.webp 990w, https:\/\/laurgreen.de\/wp-content\/uploads\/2023\/10\/LG40-AleppoSeife-training-gym-768x512.webp 768w, https:\/\/laurgreen.de\/wp-content\/uploads\/2023\/10\/LG40-AleppoSeife-training-gym-18x12.webp 18w, https:\/\/laurgreen.de\/wp-content\/uploads\/2023\/10\/LG40-AleppoSeife-training-gym-441x294.webp 441w, https:\/\/laurgreen.de\/wp-content\/uploads\/2023\/10\/LG40-AleppoSeife-training-gym-600x400.webp 600w, https:\/\/laurgreen.de\/wp-content\/uploads\/2023\/10\/LG40-AleppoSeife-training-gym-150x100.webp 150w\" sizes=\"(max-width: 990px) 100vw, 990px\" \/><\/figure>\n<\/div>\n<\/div>\n<\/div>\n\n\n\n<div class=\"wp-block-columns is-layout-flex wp-container-core-columns-is-layout-28f84493 wp-block-columns-is-layout-flex\">\n<div class=\"wp-block-column is-layout-flow wp-block-column-is-layout-flow\" style=\"flex-basis:200px\">\n<figure class=\"wp-block-image size-full is-resized\"><img decoding=\"async\" width=\"660\" height=\"990\" src=\"https:\/\/laurgreen.de\/wp-content\/uploads\/2024\/02\/LG40-AleppoSeife-symbol-sport.webp\" alt=\"\" class=\"wp-image-958\" style=\"width:217px;height:auto\" srcset=\"https:\/\/laurgreen.de\/wp-content\/uploads\/2024\/02\/LG40-AleppoSeife-symbol-sport.webp 660w, https:\/\/laurgreen.de\/wp-content\/uploads\/2024\/02\/LG40-AleppoSeife-symbol-sport-8x12.webp 8w, https:\/\/laurgreen.de\/wp-content\/uploads\/2024\/02\/LG40-AleppoSeife-symbol-sport-441x662.webp 441w, https:\/\/laurgreen.de\/wp-content\/uploads\/2024\/02\/LG40-AleppoSeife-symbol-sport-600x900.webp 600w, https:\/\/laurgreen.de\/wp-content\/uploads\/2024\/02\/LG40-AleppoSeife-symbol-sport-150x225.webp 150w\" sizes=\"(max-width: 660px) 100vw, 660px\" \/><\/figure>\n<\/div>\n\n\n\n<div class=\"wp-block-column is-layout-flow wp-block-column-is-layout-flow\">\n<p>F\u00fcr Sportler geht es darum, die optimale Leistungsf\u00e4higkeit nicht nur durch Training, sondern auch durch ganzheitliche Selbstpflegepraktiken zu erhalten, die sowohl k\u00f6rperliches als auch mentales Wohlbefinden priorisieren. LAUR Classic Seife verk\u00f6rpert dieses Ethos und bietet eine Ruhepause inmitten der Anstrengungen sportlicher Verfolgung.<\/p>\n\n\n\n<p>Doch ihre Vorteile reichen weit \u00fcber den Sport hinaus. Von berufst\u00e4tigen Menschen, die nach Momenten der Ruhe suchen, bis hin zu Familien, die die Einfachheit nat\u00fcrlichen Lebens sch\u00e4tzen, richtet sich LAUR Classic Seife an alle, die ein sanftes und dennoch wirksames Reinigungserlebnis suchen.<\/p>\n<\/div>\n<\/div>\n\n\n\n<p>Indem Sie LAUR Classic - Original Aleppo Seife mit 40% Lorbeer\u00f6l w\u00e4hlen, heben Sie nicht nur Ihre Hautpflegeroutine auf ein neues Niveau, sondern leben auch einen Lebensstil, der Authentizit\u00e4t und Wohlbefinden f\u00fcr alle feiert. Schlie\u00dfen Sie sich den unz\u00e4hligen Menschen an, die LAUR Classic zu einem festen Bestandteil ihres t\u00e4glichen Lebens gemacht haben, und erleben Sie die transformative Kraft der feinsten Gaben der Natur.<\/p>\n\n\n\n<p><mark><strong>Hinweis<\/strong>:<\/mark> Bitte beachten Sie, dass aufgrund der handgefertigten Natur und der hohen Handwerkskunst leichte Unterschiede in Farbe, Textur und Gewicht zwischen den Produkten auftreten k\u00f6nnen. Diese Unterschiede spiegeln die Einzigartigkeit jedes St\u00fccks wider und verleihen der Seife einen Hauch von Authentizit\u00e4t und Besonderheit. Wir versichern Ihnen, dass die Qualit\u00e4t und die nat\u00fcrlichen Vorteile des Produkts in jedem sorgf\u00e4ltig gefertigten St\u00fcck mit Liebe und Sorgfalt konstant und garantiert bleiben.<\/p>","protected":false},"excerpt":{"rendered":"<ul>\n<li style=\"direction: ltr; text-align: left;\">F\u00fcr alle Hauttypen<\/li>\n<li style=\"direction: ltr; text-align: left;\">F\u00fcr Gesicht, Haare, H\u00e4nde &amp; K\u00f6rper<\/li>\n<li style=\"direction: ltr; text-align: left;\">100% Handgefertigt<\/li>\n<li style=\"direction: ltr; text-align: left;\">Nat\u00fcrlicher Inhaltsstoff<\/li>\n<li style=\"direction: ltr; text-align: left;\">Product weight: 200g \u00b110<\/li>\n<\/ul>\n<p style=\"color: #5e9ca0;\"><strong><span style=\"color: #008000;\">Voraussichtliche Lieferung 1-3 Werktage<\/span><\/strong><\/p>","protected":false},"featured_media":675,"comment_status":"open","ping_status":"closed","template":"","meta":[],"product_brand":[],"product_cat":[54,56,58,59,52],"product_tag":[],"class_list":{"0":"post-413","1":"product","2":"type-product","3":"status-publish","4":"has-post-thumbnail","6":"product_cat-40-laurel-oil","7":"product_cat-aleppo-soap-classic","8":"product_cat-handmade-soap","9":"product_cat-organic-soap","10":"product_cat-original-aleppo-soap","12":"first","13":"instock","14":"sale","15":"taxable","16":"shipping-taxable","17":"purchasable","18":"product-type-variable","19":"has-default-attributes"},"_links":{"self":[{"href":"https:\/\/laurgreen.de\/de\/wp-json\/wp\/v2\/product\/413","targetHints":{"allow":["GET"]}}],"collection":[{"href":"https:\/\/laurgreen.de\/de\/wp-json\/wp\/v2\/product"}],"about":[{"href":"https:\/\/laurgreen.de\/de\/wp-json\/wp\/v2\/types\/product"}],"replies":[{"embeddable":true,"href":"https:\/\/laurgreen.de\/de\/wp-json\/wp\/v2\/comments?post=413"}],"wp:featuredmedia":[{"embeddable":true,"href":"https:\/\/laurgreen.de\/de\/wp-json\/wp\/v2\/media\/675"}],"wp:attachment":[{"href":"https:\/\/laurgreen.de\/de\/wp-json\/wp\/v2\/media?parent=413"}],"wp:term":[{"taxonomy":"product_brand","embeddable":true,"href":"https:\/\/laurgreen.de\/de\/wp-json\/wp\/v2\/product_brand?post=413"},{"taxonomy":"product_cat","embeddable":true,"href":"https:\/\/laurgreen.de\/de\/wp-json\/wp\/v2\/product_cat?post=413"},{"taxonomy":"product_tag","embeddable":true,"href":"https:\/\/laurgreen.de\/de\/wp-json\/wp\/v2\/product_tag?post=413"}],"curies":[{"name":"wp","href":"https:\/\/api.w.org\/{rel}","templated":true}]}}